{"id":105991,"date":"2024-07-22T17:54:35","date_gmt":"2024-07-22T15:54:35","guid":{"rendered":"https:\/\/peaceful-shtern.46-37-26-27.plesk.page\/?page_id=105991"},"modified":"2024-09-16T13:16:40","modified_gmt":"2024-09-16T11:16:40","slug":"accura-proximity-centre-palermo","status":"publish","type":"page","link":"https:\/\/peaceful-shtern.46-37-26-27.plesk.page\/en\/what-we-do\/italy\/accura-proximity-centre-palermo\/","title":{"rendered":"ACC\u00d9RA &#8211; Centro di prossimit\u00e0 Palermo"},"content":{"rendered":"<div class=\"wpb-content-wrapper\"><p>[vc_row][vc_column width=&#8221;1\/1&#8243;][vc_empty_space empty_h=&#8221;2&#8243;][\/vc_column][\/vc_row][vc_row row_height_percent=&#8221;60&#8243; override_padding=&#8221;yes&#8221; h_padding=&#8221;2&#8243; top_padding=&#8221;4&#8243; bottom_padding=&#8221;4&#8243; back_image=&#8221;101105&#8243; overlay_alpha=&#8221;50&#8243; gutter_size=&#8221;3&#8243; column_width_percent=&#8221;100&#8243; shift_y=&#8221;0&#8243; z_index=&#8221;0&#8243; uncode_shortcode_id=&#8221;167550&#8243; el_class=&#8221;slideDoaMultipla&#8221;][vc_column column_width_percent=&#8221;100&#8243; position_vertical=&#8221;bottom&#8221; gutter_size=&#8221;3&#8243; overlay_alpha=&#8221;50&#8243; shift_x=&#8221;0&#8243; shift_y=&#8221;0&#8243; shift_y_down=&#8221;0&#8243; z_index=&#8221;0&#8243; medium_width=&#8221;0&#8243; mobile_width=&#8221;0&#8243; width=&#8221;1\/1&#8243; uncode_shortcode_id=&#8221;193839&#8243;][vc_custom_heading text_color=&#8221;color-xsdn&#8221; uncode_shortcode_id=&#8221;408114&#8243; text_color_type=&#8221;uncode-palette&#8221;]<b>ACC\u00d9RA &#8211; Proximity Centre Palermo<\/b>[\/vc_custom_heading][\/vc_column][\/vc_row][vc_row][vc_column width=&#8221;1\/1&#8243;][vc_column_text uncode_shortcode_id=&#8221;135823&#8243;]<\/p>\n<h2>Context<\/h2>\n<p><span style=\"font-weight: 400;\">The Metropolitan City of Palermo, which also includes the municipalities in the surrounding area, is home to a large segment of the population that has difficulty accessing the National Health System or that makes partial or improper use of the offer guaranteed by the public health service. This is demonstrated by the figures on avoidable hospitalisations and the excessively high number of white codes in emergency rooms, as well as the high rate of chronicisation of certain diseases due to the lack of prevention and the reduction of access points to health services for undocumented persons.<\/span><\/p>\n<p><span style=\"font-weight: 400;\">These places are affected by a general lack of connection between the socio-health and social-welfare system, as well as by the presence of a segment of the population in a state of distress migrating from one service to another: homeless people, families in socio-economic difficulty or in chronic conditions of distress.<\/span>[\/vc_column_text][\/vc_column][\/vc_row][vc_row row_height_percent=&#8221;0&#8243; back_color=&#8221;color-214091&#8243; overlay_alpha=&#8221;50&#8243; gutter_size=&#8221;3&#8243; column_width_percent=&#8221;100&#8243; shift_y=&#8221;0&#8243; z_index=&#8221;0&#8243; uncode_shortcode_id=&#8221;151366&#8243; back_color_type=&#8221;uncode-palette&#8221;][vc_column width=&#8221;1\/1&#8243;][vc_row_inner][vc_column_inner column_width_percent=&#8221;100&#8243; position_vertical=&#8221;middle&#8221; gutter_size=&#8221;3&#8243; overlay_alpha=&#8221;50&#8243; shift_x=&#8221;0&#8243; shift_y=&#8221;0&#8243; shift_y_down=&#8221;0&#8243; z_index=&#8221;0&#8243; medium_width=&#8221;0&#8243; mobile_width=&#8221;7&#8243; width=&#8221;1\/6&#8243; uncode_shortcode_id=&#8221;198536&#8243;][vc_column_text text_color=&#8221;color-xsdn&#8221; uncode_shortcode_id=&#8221;766327&#8243; text_color_type=&#8221;uncode-palette&#8221;]<\/p>\n<h3><strong><span style=\"color: #ffffff;\">SETTORI DI INTERVENTO<\/span><\/strong><\/h3>\n<p>[\/vc_column_text][\/vc_column_inner][vc_column_inner column_width_percent=&#8221;100&#8243; gutter_size=&#8221;3&#8243; overlay_alpha=&#8221;50&#8243; shift_x=&#8221;0&#8243; shift_y=&#8221;0&#8243; shift_y_down=&#8221;0&#8243; z_index=&#8221;0&#8243; medium_width=&#8221;0&#8243; mobile_visibility=&#8221;yes&#8221; mobile_width=&#8221;0&#8243; width=&#8221;1\/6&#8243; uncode_shortcode_id=&#8221;141206&#8243;][vc_single_image media=&#8221;89435&#8243; media_width_use_pixel=&#8221;yes&#8221; alignment=&#8221;center&#8221; shadow=&#8221;yes&#8221; shadow_weight=&#8221;std&#8221; uncode_shortcode_id=&#8221;100743&#8243; media_width_pixel=&#8221;70&#8243; el_class=&#8221;icona-pallino-doa&#8221; media_link=&#8221;url:https%3A%2F%2Fdev.intersos.org%2Fcosa-facciamo%2Fsalute-e-nutrizione%2F&#8221;][vc_column_text text_lead=&#8221;small&#8221; uncode_shortcode_id=&#8221;128663&#8243; css=&#8221;.vc_custom_1721663861490{margin-top: 0px !important;border-top-width: 0px !important;padding-top: 10px !important;}&#8221;]<\/p>\n<p style=\"text-align: center;\"><span style=\"color: #ffcc00;\"><a style=\"color: #ffcc00;\" href=\"https:\/\/peaceful-shtern.46-37-26-27.plesk.page\/en\/what-we-do\/health-and-nutrition\/\"><strong>HEALTH AND NUTRITION<\/strong><\/a><\/span><\/p>\n<p>[\/vc_column_text][\/vc_column_inner][vc_column_inner column_width_percent=&#8221;100&#8243; position_horizontal=&#8221;left&#8221; gutter_size=&#8221;3&#8243; overlay_alpha=&#8221;50&#8243; shift_x=&#8221;0&#8243; shift_y=&#8221;0&#8243; shift_y_down=&#8221;0&#8243; z_index=&#8221;0&#8243; medium_width=&#8221;0&#8243; mobile_width=&#8221;4&#8243; width=&#8221;1\/6&#8243; uncode_shortcode_id=&#8221;912940&#8243;][\/vc_column_inner][vc_column_inner width=&#8221;1\/6&#8243;][\/vc_column_inner][vc_column_inner width=&#8221;1\/6&#8243;][\/vc_column_inner][\/vc_row_inner][\/vc_column][\/vc_row][vc_row][vc_column width=&#8221;1\/1&#8243;][vc_column_text uncode_shortcode_id=&#8221;214212&#8243;]<\/p>\n<h2>Our intervention in 2023<\/h2>\n<p>In 2023, we reached 222 people, including 169 foreigners and 65 minors. A total of 327 actions were carried out, including medical visits, social assistance, and other support activities.<\/p>\n<p>Additionally, with the support of the Italian Buddhist Union, we launched a project to provide psychological support to recipients identified during the initial screening and to ensure referrals to mental health services. Throughout the year, 12 individuals benefited from ethnopsychotherapy, while 8 were referred to local services. The project also includes capacity-building activities aimed at INTERSOS staff, third-sector organizations, and local hospital healthcare personnel, to enhance skills and collaboration in the field of mental health.[\/vc_column_text][\/vc_column][\/vc_row][vc_row][vc_column width=&#8221;1\/1&#8243;][vc_column_text uncode_shortcode_id=&#8221;401539&#8243;]<\/p>\n<h2>Activities<\/h2>\n<p><span style=\"font-weight: 400;\">Acc\u00f9ra is a socio-sanitary outpatient clinic for people in conditions of severe marginality. A proximity place that guarantees the right to health and psychosocial assistance to the vulnerable population of the metropolitan area of Palermo, who cannot access public social and health services.<\/span><\/p>\n<p><span style=\"font-weight: 400;\">Acc\u00f9ra is supported by the Ebbene Foundation, Sol.Co, the Municipality of Palermo and the Mazzola Foundation.<\/span><\/p>\n<p><span style=\"font-weight: 400;\">Inaugurated in June 2023, Acc\u00f9ra represents a physical and relational reference point for the inhabitants of the area, as well as an orientation point for services, necessary to reconnect marginalised people to the city fabric, through a full awareness of their rights.<\/span><\/p>\n<p><span style=\"font-weight: 400;\">At Acc\u00f9ra, a Sicilian expression meaning \u201c<\/span><i><span style=\"font-weight: 400;\">paying attention to<\/span><\/i><span style=\"font-weight: 400;\">\u201d and\/or \u201c<\/span><i><span style=\"font-weight: 400;\">caring for someone and showing that one cares about them<\/span><\/i><span style=\"font-weight: 400;\">\u201d, the following activities are carried out:<\/span><\/p>\n<ul>\n<li style=\"font-weight: 400;\" aria-level=\"1\"><span style=\"font-weight: 400;\">general medical examinations;<\/span><\/li>\n<li style=\"font-weight: 400;\" aria-level=\"1\"><span style=\"font-weight: 400;\">specialist examinations (gynaecology, cardiology, psychiatry, nutrition, general surgery, ultrasound);<\/span><\/li>\n<li style=\"font-weight: 400;\" aria-level=\"1\"><span style=\"font-weight: 400;\">psychotherapy;<\/span><\/li>\n<li style=\"font-weight: 400;\" aria-level=\"1\"><span style=\"font-weight: 400;\">social assistance;<\/span><\/li>\n<li style=\"font-weight: 400;\" aria-level=\"1\"><span style=\"font-weight: 400;\">health and social guidance;<\/span><\/li>\n<li style=\"font-weight: 400;\" aria-level=\"1\"><span style=\"font-weight: 400;\">health promotion activities;<\/span><\/li>\n<li style=\"font-weight: 400;\" aria-level=\"1\"><span style=\"font-weight: 400;\">social-health training for public operators and third sector organisations in Palermo;<\/span><\/li>\n<li style=\"font-weight: 400;\" aria-level=\"1\"><span style=\"font-weight: 400;\">&#8220;<\/span><i><span style=\"font-weight: 400;\">Ti Prescrivo Lo Sport<\/span><\/i><span style=\"font-weight: 400;\">&#8220;, i.e. prescription and execution of guided motor activities for therapeutic purposes in the Acc\u00f9ra outdoor safe-space.<\/span><\/li>\n<\/ul>\n<p>[\/vc_column_text][\/vc_column][\/vc_row][vc_row][vc_column width=&#8221;1\/1&#8243;][vc_separator sep_color=&#8221;&#8221; uncode_shortcode_id=&#8221;409791&#8243; el_height=&#8221;2px&#8221;][\/vc_column][\/vc_row][vc_row row_height_percent=&#8221;0&#8243; override_padding=&#8221;yes&#8221; h_padding=&#8221;2&#8243; top_padding=&#8221;0&#8243; bottom_padding=&#8221;4&#8243; back_color=&#8221;color-191468&#8243; overlay_alpha=&#8221;50&#8243; gutter_size=&#8221;3&#8243; column_width_percent=&#8221;100&#8243; shift_y=&#8221;0&#8243; z_index=&#8221;0&#8243; uncode_shortcode_id=&#8221;735599&#8243; back_color_type=&#8221;uncode-palette&#8221;][vc_column column_width_percent=&#8221;100&#8243; position_vertical=&#8221;middle&#8221; gutter_size=&#8221;3&#8243; overlay_alpha=&#8221;50&#8243; shift_x=&#8221;0&#8243; shift_y=&#8221;0&#8243; shift_y_down=&#8221;0&#8243; z_index=&#8221;0&#8243; medium_width=&#8221;0&#8243; mobile_width=&#8221;0&#8243; width=&#8221;1\/1&#8243; uncode_shortcode_id=&#8221;203934&#8243;][vc_column_text uncode_shortcode_id=&#8221;213985&#8243;]<\/p>\n<h2>Read also<\/h2>\n<p>[\/vc_column_text][uncode_index el_id=&#8221;index-846879&#8243; index_type=&#8221;carousel&#8221; loop=&#8221;size:10|order_by:date|post_type:post|categories:693|taxonomy_count:10&#8243; carousel_lg=&#8221;3&#8243; carousel_md=&#8221;2&#8243; carousel_sm=&#8221;1&#8243; thumb_size=&#8221;three-two&#8221; gutter_size=&#8221;3&#8243; post_items=&#8221;title,text|excerpt,link|link|default_size|Scopri di pi\u00f9,media|featured|onpost|original&#8221; carousel_height=&#8221;equal&#8221; carousel_interval=&#8221;0&#8243; carousel_navspeed=&#8221;700&#8243; carousel_loop=&#8221;yes&#8221; carousel_nav=&#8221;yes&#8221; carousel_nav_mobile=&#8221;yes&#8221; carousel_dot_position=&#8221;right&#8221; carousel_width_percent=&#8221;100&#8243; stage_padding=&#8221;0&#8243; single_back_color=&#8221;color-xsdn&#8221; single_shape=&#8221;round&#8221; radius=&#8221;lg&#8221; single_overlay_opacity=&#8221;50&#8243; single_overlay_anim=&#8221;no&#8221; single_text_anim=&#8221;no&#8221; single_image_anim=&#8221;no&#8221; single_padding=&#8221;2&#8243; single_title_dimension=&#8221;h3&#8243; single_title_height=&#8221;fontheight-681093&#8243; no_double_tap=&#8221;yes&#8221; uncode_shortcode_id=&#8221;935968&#8243; el_class=&#8221;carosello-doa&#8221;][\/vc_column][\/vc_row]<\/p>\n<\/div>","protected":false},"excerpt":{"rendered":"<p>[vc_row][vc_column width=&#8221;1\/1&#8243;][vc_empty_space empty_h=&#8221;2&#8243;][\/vc_column][\/vc_row][vc_row row_height_percent=&#8221;60&#8243; override_padding=&#8221;yes&#8221; h_padding=&#8221;2&#8243; top_padding=&#8221;4&#8243; bottom_padding=&#8221;4&#8243; back_image=&#8221;101105&#8243; overlay_alpha=&#8221;50&#8243; gutter_size=&#8221;3&#8243; column_width_percent=&#8221;100&#8243; shift_y=&#8221;0&#8243; z_index=&#8221;0&#8243; uncode_shortcode_id=&#8221;167550&#8243; el_class=&#8221;slideDoaMultipla&#8221;][vc_column column_width_percent=&#8221;100&#8243; position_vertical=&#8221;bottom&#8221; gutter_size=&#8221;3&#8243; overlay_alpha=&#8221;50&#8243; [&hellip;]<\/p>\n","protected":false},"author":26,"featured_media":0,"parent":104579,"menu_order":0,"comment_status":"closed","ping_status":"closed","template":"","meta":{"_acf_changed":false,"give_campaign_id":0,"footnotes":""},"class_list":["post-105991","page","type-page","status-publish","hentry"],"acf":[],"yoast_head":"<!-- This site is optimized with the Yoast SEO plugin v27.2 - https:\/\/yoast.com\/product\/yoast-seo-wordpress\/ -->\n<title>ACC\u00d9RA - Centro di prossimit\u00e0 Palermo | INTERSOS<\/title>\n<meta name=\"description\" content=\"Acc\u00f9ra is a socio-sanitary outpatient clinic for people in conditions of severe marginality.\" \/>\n<meta name=\"robots\" content=\"noindex, follow, max-snippet:-1, max-image-preview:large, max-video-preview:-1\" \/>\n<meta property=\"og:locale\" content=\"en_US\" \/>\n<meta property=\"og:type\" content=\"article\" \/>\n<meta property=\"og:title\" content=\"ACC\u00d9RA - Centro di prossimit\u00e0 Palermo | INTERSOS\" \/>\n<meta property=\"og:description\" content=\"Acc\u00f9ra is a socio-sanitary outpatient clinic for people in conditions of severe marginality.\" \/>\n<meta property=\"og:url\" content=\"https:\/\/peaceful-shtern.46-37-26-27.plesk.page\/en\/what-we-do\/italy\/accura-proximity-centre-palermo\/\" \/>\n<meta property=\"og:site_name\" content=\"Dev Int\" \/>\n<meta property=\"article:publisher\" content=\"https:\/\/www.facebook.com\/Intersos.org\/\" \/>\n<meta property=\"article:modified_time\" content=\"2024-09-16T11:16:40+00:00\" \/>\n<meta name=\"twitter:card\" content=\"summary_large_image\" \/>\n<meta name=\"twitter:site\" content=\"@intersos\" \/>\n<meta name=\"twitter:label1\" content=\"Est. reading time\" \/>\n\t<meta name=\"twitter:data1\" content=\"4 minutes\" \/>\n<script type=\"application\/ld+json\" class=\"yoast-schema-graph\">{\"@context\":\"https:\/\/schema.org\",\"@graph\":[{\"@type\":\"WebPage\",\"@id\":\"https:\/\/peaceful-shtern.46-37-26-27.plesk.page\/en\/what-we-do\/italy\/accura-proximity-centre-palermo\/\",\"url\":\"https:\/\/peaceful-shtern.46-37-26-27.plesk.page\/en\/what-we-do\/italy\/accura-proximity-centre-palermo\/\",\"name\":\"ACC\u00d9RA - Centro di prossimit\u00e0 Palermo | INTERSOS\",\"isPartOf\":{\"@id\":\"https:\/\/intersos.org\/en\/#website\"},\"datePublished\":\"2024-07-22T15:54:35+00:00\",\"dateModified\":\"2024-09-16T11:16:40+00:00\",\"description\":\"Acc\u00f9ra is a socio-sanitary outpatient clinic for people in conditions of severe marginality.\",\"breadcrumb\":{\"@id\":\"https:\/\/peaceful-shtern.46-37-26-27.plesk.page\/en\/what-we-do\/italy\/accura-proximity-centre-palermo\/#breadcrumb\"},\"inLanguage\":\"en-US\",\"potentialAction\":[{\"@type\":\"ReadAction\",\"target\":[\"https:\/\/peaceful-shtern.46-37-26-27.plesk.page\/en\/what-we-do\/italy\/accura-proximity-centre-palermo\/\"]}]},{\"@type\":\"BreadcrumbList\",\"@id\":\"https:\/\/peaceful-shtern.46-37-26-27.plesk.page\/en\/what-we-do\/italy\/accura-proximity-centre-palermo\/#breadcrumb\",\"itemListElement\":[{\"@type\":\"ListItem\",\"position\":1,\"name\":\"Home\",\"item\":\"https:\/\/peaceful-shtern.46-37-26-27.plesk.page\/en\/\"},{\"@type\":\"ListItem\",\"position\":2,\"name\":\"What We Do\",\"item\":\"https:\/\/peaceful-shtern.46-37-26-27.plesk.page\/en\/what-we-do\/\"},{\"@type\":\"ListItem\",\"position\":3,\"name\":\"Italy\",\"item\":\"https:\/\/peaceful-shtern.46-37-26-27.plesk.page\/en\/what-we-do\/italy\/\"},{\"@type\":\"ListItem\",\"position\":4,\"name\":\"ACC\u00d9RA &#8211; Centro di prossimit\u00e0 Palermo\"}]},{\"@type\":\"WebSite\",\"@id\":\"https:\/\/intersos.org\/en\/#website\",\"url\":\"https:\/\/intersos.org\/en\/\",\"name\":\"INTERSOS | Organizzazione umanitaria Onlus\",\"description\":\"INTERSOS\",\"alternateName\":\"INTERSOS\",\"potentialAction\":[{\"@type\":\"SearchAction\",\"target\":{\"@type\":\"EntryPoint\",\"urlTemplate\":\"https:\/\/intersos.org\/en\/?s={search_term_string}\"},\"query-input\":{\"@type\":\"PropertyValueSpecification\",\"valueRequired\":true,\"valueName\":\"search_term_string\"}}],\"inLanguage\":\"en-US\"}]}<\/script>\n<!-- \/ Yoast SEO plugin. -->","yoast_head_json":{"title":"ACC\u00d9RA - Centro di prossimit\u00e0 Palermo | INTERSOS","description":"Acc\u00f9ra is a socio-sanitary outpatient clinic for people in conditions of severe marginality.","robots":{"index":"noindex","follow":"follow","max-snippet":"max-snippet:-1","max-image-preview":"max-image-preview:large","max-video-preview":"max-video-preview:-1"},"og_locale":"en_US","og_type":"article","og_title":"ACC\u00d9RA - Centro di prossimit\u00e0 Palermo | INTERSOS","og_description":"Acc\u00f9ra is a socio-sanitary outpatient clinic for people in conditions of severe marginality.","og_url":"https:\/\/peaceful-shtern.46-37-26-27.plesk.page\/en\/what-we-do\/italy\/accura-proximity-centre-palermo\/","og_site_name":"Dev Int","article_publisher":"https:\/\/www.facebook.com\/Intersos.org\/","article_modified_time":"2024-09-16T11:16:40+00:00","twitter_card":"summary_large_image","twitter_site":"@intersos","twitter_misc":{"Est. reading time":"4 minutes"},"schema":{"@context":"https:\/\/schema.org","@graph":[{"@type":"WebPage","@id":"https:\/\/peaceful-shtern.46-37-26-27.plesk.page\/en\/what-we-do\/italy\/accura-proximity-centre-palermo\/","url":"https:\/\/peaceful-shtern.46-37-26-27.plesk.page\/en\/what-we-do\/italy\/accura-proximity-centre-palermo\/","name":"ACC\u00d9RA - Centro di prossimit\u00e0 Palermo | INTERSOS","isPartOf":{"@id":"https:\/\/intersos.org\/en\/#website"},"datePublished":"2024-07-22T15:54:35+00:00","dateModified":"2024-09-16T11:16:40+00:00","description":"Acc\u00f9ra is a socio-sanitary outpatient clinic for people in conditions of severe marginality.","breadcrumb":{"@id":"https:\/\/peaceful-shtern.46-37-26-27.plesk.page\/en\/what-we-do\/italy\/accura-proximity-centre-palermo\/#breadcrumb"},"inLanguage":"en-US","potentialAction":[{"@type":"ReadAction","target":["https:\/\/peaceful-shtern.46-37-26-27.plesk.page\/en\/what-we-do\/italy\/accura-proximity-centre-palermo\/"]}]},{"@type":"BreadcrumbList","@id":"https:\/\/peaceful-shtern.46-37-26-27.plesk.page\/en\/what-we-do\/italy\/accura-proximity-centre-palermo\/#breadcrumb","itemListElement":[{"@type":"ListItem","position":1,"name":"Home","item":"https:\/\/peaceful-shtern.46-37-26-27.plesk.page\/en\/"},{"@type":"ListItem","position":2,"name":"What We Do","item":"https:\/\/peaceful-shtern.46-37-26-27.plesk.page\/en\/what-we-do\/"},{"@type":"ListItem","position":3,"name":"Italy","item":"https:\/\/peaceful-shtern.46-37-26-27.plesk.page\/en\/what-we-do\/italy\/"},{"@type":"ListItem","position":4,"name":"ACC\u00d9RA &#8211; Centro di prossimit\u00e0 Palermo"}]},{"@type":"WebSite","@id":"https:\/\/intersos.org\/en\/#website","url":"https:\/\/intersos.org\/en\/","name":"INTERSOS | Organizzazione umanitaria Onlus","description":"INTERSOS","alternateName":"INTERSOS","potentialAction":[{"@type":"SearchAction","target":{"@type":"EntryPoint","urlTemplate":"https:\/\/intersos.org\/en\/?s={search_term_string}"},"query-input":{"@type":"PropertyValueSpecification","valueRequired":true,"valueName":"search_term_string"}}],"inLanguage":"en-US"}]}},"campaignId":"","_links":{"self":[{"href":"https:\/\/peaceful-shtern.46-37-26-27.plesk.page\/en\/wp-json\/wp\/v2\/pages\/105991","targetHints":{"allow":["GET"]}}],"collection":[{"href":"https:\/\/peaceful-shtern.46-37-26-27.plesk.page\/en\/wp-json\/wp\/v2\/pages"}],"about":[{"href":"https:\/\/peaceful-shtern.46-37-26-27.plesk.page\/en\/wp-json\/wp\/v2\/types\/page"}],"author":[{"embeddable":true,"href":"https:\/\/peaceful-shtern.46-37-26-27.plesk.page\/en\/wp-json\/wp\/v2\/users\/26"}],"replies":[{"embeddable":true,"href":"https:\/\/peaceful-shtern.46-37-26-27.plesk.page\/en\/wp-json\/wp\/v2\/comments?post=105991"}],"version-history":[{"count":5,"href":"https:\/\/peaceful-shtern.46-37-26-27.plesk.page\/en\/wp-json\/wp\/v2\/pages\/105991\/revisions"}],"predecessor-version":[{"id":106894,"href":"https:\/\/peaceful-shtern.46-37-26-27.plesk.page\/en\/wp-json\/wp\/v2\/pages\/105991\/revisions\/106894"}],"up":[{"embeddable":true,"href":"https:\/\/peaceful-shtern.46-37-26-27.plesk.page\/en\/wp-json\/wp\/v2\/pages\/104579"}],"wp:attachment":[{"href":"https:\/\/peaceful-shtern.46-37-26-27.plesk.page\/en\/wp-json\/wp\/v2\/media?parent=105991"}],"curies":[{"name":"wp","href":"https:\/\/api.w.org\/{rel}","templated":true}]}}