{"id":89913,"date":"2022-11-22T14:42:43","date_gmt":"2022-11-22T13:42:43","guid":{"rendered":"https:\/\/dev.intersos.org\/?page_id=89913"},"modified":"2026-03-19T11:19:20","modified_gmt":"2026-03-19T10:19:20","slug":"work-with-us","status":"publish","type":"page","link":"https:\/\/peaceful-shtern.46-37-26-27.plesk.page\/en\/work-with-us\/","title":{"rendered":"Work with us"},"content":{"rendered":"<div class=\"wpb-content-wrapper\"><p>[vc_row][vc_column width=&#8221;1\/1&#8243;][vc_column_text uncode_shortcode_id=&#8221;443561&#8243;]<\/p>\n<h1>Lavora con noi<\/h1>\n<p><span style=\"font-weight: 400;\">Lavorare con INTERSOS significa impegnarsi professionalmente e umanamente a sostegno delle comunit\u00e0 colpite dalle pi\u00f9 gravi crisi ed emergenze umanitarie, contribuendo a garantire, sempre, i diritti fondamentali e la protezione delle persone pi\u00f9 vulnerabili.<\/span>[\/vc_column_text][\/vc_column][\/vc_row][vc_row row_height_percent=&#8221;0&#8243; overlay_alpha=&#8221;50&#8243; gutter_size=&#8221;3&#8243; column_width_percent=&#8221;100&#8243; shift_y=&#8221;0&#8243; z_index=&#8221;0&#8243; uncode_shortcode_id=&#8221;257123&#8243;][vc_column width=&#8221;1\/1&#8243;][vc_single_image media=&#8221;99898&#8243; media_width_percent=&#8221;100&#8243; alignment=&#8221;center&#8221; shape=&#8221;img-round&#8221; radius=&#8221;lg&#8221; shadow=&#8221;yes&#8221; shadow_weight=&#8221;sm&#8221; uncode_shortcode_id=&#8221;163672&#8243;][\/vc_column][\/vc_row][vc_row row_height_percent=&#8221;0&#8243; overlay_alpha=&#8221;50&#8243; gutter_size=&#8221;3&#8243; column_width_percent=&#8221;100&#8243; shift_y=&#8221;0&#8243; z_index=&#8221;0&#8243; desktop_visibility=&#8221;yes&#8221; medium_visibility=&#8221;yes&#8221; mobile_visibility=&#8221;yes&#8221; uncode_shortcode_id=&#8221;162778&#8243;][vc_column width=&#8221;1\/2&#8243;][vc_column_text uncode_shortcode_id=&#8221;686739&#8243;]<\/p>\n<h2>I nostri operatori e operatrici<\/h2>\n<p><span style=\"font-weight: 400;\">INTERSOS ha moltissimi operatori impegnati sia direttamente negli interventi di sostegno umanitario nelle aree di crisi internazionali, che nelle attivit\u00e0 in Italia, nella sede centrale a Roma e nelle sedi distaccate. Le loro professionalit\u00e0 sono molto varie, ecco le voci di alcuni di loro:<\/span>[\/vc_column_text][\/vc_column][vc_column column_width_percent=&#8221;100&#8243; gutter_size=&#8221;3&#8243; overlay_alpha=&#8221;50&#8243; shift_x=&#8221;0&#8243; shift_y=&#8221;0&#8243; shift_y_down=&#8221;0&#8243; z_index=&#8221;0&#8243; medium_visibility=&#8221;yes&#8221; medium_width=&#8221;0&#8243; mobile_visibility=&#8221;yes&#8221; mobile_width=&#8221;0&#8243; width=&#8221;1\/2&#8243; uncode_shortcode_id=&#8221;128438&#8243;][\/vc_column][\/vc_row][vc_row row_height_percent=&#8221;0&#8243; override_padding=&#8221;yes&#8221; h_padding=&#8221;2&#8243; top_padding=&#8221;0&#8243; bottom_padding=&#8221;4&#8243; back_color=&#8221;color-191468&#8243; overlay_alpha=&#8221;50&#8243; gutter_size=&#8221;3&#8243; column_width_percent=&#8221;100&#8243; shift_y=&#8221;0&#8243; z_index=&#8221;1&#8243; desktop_visibility=&#8221;yes&#8221; medium_visibility=&#8221;yes&#8221; mobile_visibility=&#8221;yes&#8221; uncode_shortcode_id=&#8221;211089&#8243; back_color_type=&#8221;uncode-palette&#8221;][vc_column column_width_percent=&#8221;100&#8243; position_horizontal=&#8221;left&#8221; gutter_size=&#8221;3&#8243; style=&#8221;light&#8221; overlay_alpha=&#8221;50&#8243; shift_x=&#8221;0&#8243; shift_y=&#8221;0&#8243; shift_y_down=&#8221;0&#8243; z_index=&#8221;0&#8243; medium_width=&#8221;0&#8243; mobile_width=&#8221;0&#8243; width=&#8221;1\/1&#8243; uncode_shortcode_id=&#8221;129254&#8243;][vc_gallery el_id=&#8221;gallery-114899&#8243; type=&#8221;carousel&#8221; medias=&#8221;88785&#8243; carousel_lg=&#8221;3&#8243; carousel_md=&#8221;2&#8243; carousel_sm=&#8221;1&#8243; gutter_size=&#8221;3&#8243; media_items=&#8221;description,title,caption&#8221; carousel_height=&#8221;equal&#8221; carousel_interval=&#8221;0&#8243; carousel_navspeed=&#8221;700&#8243; carousel_loop=&#8221;yes&#8221; carousel_nav=&#8221;yes&#8221; carousel_nav_mobile=&#8221;yes&#8221; carousel_dot_position=&#8221;right&#8221; carousel_textual=&#8221;yes&#8221; hide_quotes=&#8221;yes&#8221; stage_padding=&#8221;0&#8243; single_text=&#8221;under&#8221; single_back_color=&#8221;color-xsdn&#8221; single_shape=&#8221;round&#8221; radius=&#8221;xl&#8221; single_overlay_opacity=&#8221;50&#8243; single_overlay_anim=&#8221;no&#8221; single_text_visible=&#8221;yes&#8221; single_text_anim=&#8221;no&#8221; single_image_anim=&#8221;no&#8221; single_padding=&#8221;0&#8243; single_title_dimension=&#8221;h3&#8243; single_text_lead=&#8221;yes&#8221; single_icon=&#8221;fa fa-quote-left&#8221; no_double_tap=&#8221;yes&#8221; uncode_shortcode_id=&#8221;837560&#8243; el_class=&#8221;carosello-doa carosello-solo-testo-doa virgolette&#8221;][\/vc_column][\/vc_row][vc_row][vc_column width=&#8221;1\/1&#8243;][vc_column_text uncode_shortcode_id=&#8221;222840&#8243;]<\/p>\n<h2>Cosa cerchiamo<\/h2>\n<p><span style=\"font-weight: 400;\">Lavorare con INTERSOS significa far parte di un\u2019organizzazione che ha l\u2019obiettivo di migliorare le condizioni di vita di di persone colpite da crisi umanitarie. Nella maggior parte dei casi, significa recarsi di persona nelle aree di crisi, in contesti spesso difficili e in situazioni di sicurezza altamente volatili, per contribuire alla realizzazione della prima risposta alle situazioni di emergenza.<\/span><\/p>\n<p><span style=\"font-weight: 400;\">In altri casi, significa contribuire alla realizzazione di progetti realizzati in Italia, oppure sostenere il coordinamento delle attivit\u00e0 dalla sede centrale di Roma o dalle sedi di Amman, Dakar e Nairobi.<\/span><\/p>\n<p><span style=\"font-weight: 400;\">Le competenze professionali necessarie sono perci\u00f2 molto diverse a seconda delle posizioni, cos\u00ec come le competenze personali. Sempre, per\u00f2, cerchiamo una forte motivazione e una piena adesione ai principi umanitari.<\/span><\/p>\n<p><span style=\"font-weight: 400;\">Le competenze sono un insieme di conoscenze, impegni, abilit\u00e0 e atteggiamenti correlati che consentono a una persona di agire efficacemente in un lavoro o in una situazione.\u00a0<\/span><\/p>\n<p><span style=\"font-weight: 400;\">Ogni livello di responsabilit\u00e0 ha requisiti specifici in termini di competenze: alcune sono essenziali ad ogni livello, come la motivazione e l&#8217;autoconsapevolezza, altre sono necessarie solo a determinati livelli di responsabilit\u00e0, come la capacit\u00e0 di visione strategica.<\/span>[\/vc_column_text][\/vc_column][\/vc_row][vc_row][vc_column width=&#8221;1\/1&#8243;][vc_column_text uncode_shortcode_id=&#8221;202006&#8243;]<\/p>\n<h2>Unisciti al team di INTERSOS<\/h2>\n<p><span style=\"font-weight: 400;\">Controlla i profili pi\u00f9 ricercati, i criteri di selezione, le condizioni che applichiamo per le varie opportunit\u00e0 di collaborazione e le posizioni attualmente aperte.<\/span><\/p>\n<p><span style=\"font-weight: 400;\">Se sei interessato\/a al settore umanitario e hai i requisiti richiesti, candidati alle posizioni in linea con il tuo profilo e unisciti ad INTERSOS!<\/span>[\/vc_column_text][\/vc_column][\/vc_row][vc_row row_height_percent=&#8221;0&#8243; overlay_alpha=&#8221;50&#8243; gutter_size=&#8221;3&#8243; column_width_percent=&#8221;100&#8243; shift_y=&#8221;0&#8243; z_index=&#8221;0&#8243; uncode_shortcode_id=&#8221;249108&#8243;][vc_column column_width_percent=&#8221;100&#8243; position_horizontal=&#8221;left&#8221; position_vertical=&#8221;bottom&#8221; gutter_size=&#8221;3&#8243; expand_height=&#8221;yes&#8221; style=&#8221;dark&#8221; back_image=&#8221;96386&#8243; overlay_alpha=&#8221;50&#8243; radius=&#8221;lg&#8221; shadow=&#8221;sm&#8221; shift_x=&#8221;0&#8243; shift_y=&#8221;0&#8243; shift_y_down=&#8221;0&#8243; z_index=&#8221;0&#8243; medium_width=&#8221;0&#8243; mobile_width=&#8221;0&#8243; width=&#8221;1\/3&#8243; uncode_shortcode_id=&#8221;191536&#8243; link_to=&#8221;url:%2Ffield%2F|title:Field&#8221;][vc_empty_space empty_h=&#8221;3&#8243;][vc_column_text uncode_shortcode_id=&#8221;110081&#8243;]<\/p>\n<h3>Field<\/h3>\n<p>[\/vc_column_text][\/vc_column][vc_column column_width_percent=&#8221;100&#8243; position_vertical=&#8221;bottom&#8221; gutter_size=&#8221;3&#8243; style=&#8221;dark&#8221; back_image=&#8221;100224&#8243; overlay_alpha=&#8221;50&#8243; radius=&#8221;lg&#8221; shadow=&#8221;sm&#8221; shift_x=&#8221;0&#8243; shift_y=&#8221;0&#8243; shift_y_down=&#8221;0&#8243; z_index=&#8221;0&#8243; medium_width=&#8221;0&#8243; mobile_width=&#8221;0&#8243; width=&#8221;1\/3&#8243; uncode_shortcode_id=&#8221;116753&#8243; link_to=&#8221;url:%2Flavora-con-noi-italia%2F|title:Lavora%20con%20noi%20%E2%80%93%20Itala&#8221;][vc_empty_space empty_h=&#8221;3&#8243;][vc_column_text uncode_shortcode_id=&#8221;829567&#8243;]<\/p>\n<h3>Italia<\/h3>\n<p>[\/vc_column_text][\/vc_column][vc_column column_width_percent=&#8221;100&#8243; gutter_size=&#8221;3&#8243; style=&#8221;dark&#8221; back_image=&#8221;96422&#8243; overlay_alpha=&#8221;50&#8243; radius=&#8221;lg&#8221; shadow=&#8221;sm&#8221; shift_x=&#8221;0&#8243; shift_y=&#8221;0&#8243; shift_y_down=&#8221;0&#8243; z_index=&#8221;0&#8243; medium_width=&#8221;0&#8243; mobile_width=&#8221;0&#8243; width=&#8221;1\/3&#8243; uncode_shortcode_id=&#8221;128149&#8243; link_to=&#8221;url:%2Flavora-con-noi-hq%2F|title:Lavora%20con%20noi%20HQ&#8221;][vc_empty_space empty_h=&#8221;3&#8243;][vc_column_text uncode_shortcode_id=&#8221;544863&#8243;]<\/p>\n<h3><strong>HQ\/Hubs<\/strong><\/h3>\n<p>[\/vc_column_text][\/vc_column][\/vc_row][vc_row row_height_percent=&#8221;0&#8243; overlay_alpha=&#8221;50&#8243; gutter_size=&#8221;3&#8243; column_width_percent=&#8221;100&#8243; shift_y=&#8221;0&#8243; z_index=&#8221;0&#8243; uncode_shortcode_id=&#8221;180396&#8243;][vc_column width=&#8221;1\/3&#8243;][\/vc_column][vc_column column_width_percent=&#8221;100&#8243; position_horizontal=&#8221;left&#8221; position_vertical=&#8221;bottom&#8221; gutter_size=&#8221;3&#8243; expand_height=&#8221;yes&#8221; style=&#8221;dark&#8221; back_image=&#8221;100227&#8243; overlay_color=&#8221;color-jevc&#8221; overlay_alpha=&#8221;25&#8243; radius=&#8221;lg&#8221; shadow=&#8221;sm&#8221; shift_x=&#8221;0&#8243; shift_y=&#8221;0&#8243; shift_y_down=&#8221;0&#8243; z_index=&#8221;0&#8243; medium_width=&#8221;0&#8243; mobile_width=&#8221;0&#8243; width=&#8221;1\/3&#8243; uncode_shortcode_id=&#8221;773503&#8243; link_to=&#8221;url:%2Flavora-con-noi-internship%2F|title:Field&#8221; overlay_color_type=&#8221;uncode-palette&#8221;][vc_empty_space empty_h=&#8221;3&#8243;][vc_column_text uncode_shortcode_id=&#8221;396817&#8243;]<\/p>\n<h3><strong>Internship<\/strong><\/h3>\n<p>[\/vc_column_text][\/vc_column][vc_column width=&#8221;1\/3&#8243;][\/vc_column][\/vc_row][vc_row][vc_column width=&#8221;1\/1&#8243;][vc_empty_space empty_h=&#8221;2&#8243;][vc_column_text uncode_shortcode_id=&#8221;718425&#8243;]<\/p>\n<p style=\"font-weight: 400;\">INTERSOS non fa richieste economiche in\u00a0<u>alcuna<\/u>\u00a0fase del processo di selezione o assunzione.<\/p>\n<p style=\"font-weight: 400;\">Le comunicazioni ufficiali di INTERSOS arriveranno sempre da indirizzi e-mail che terminano con @<a href=\"http:\/\/intersos.org\/\" data-saferedirecturl=\"https:\/\/www.google.com\/url?q=http:\/\/intersos.org\/&amp;source=gmail&amp;ust=1739261973595000&amp;usg=AOvVaw1kzHj8XOJ62GyEShADohQK\">intersos.org<\/a>. Si prega di ignorare qualsiasi altra comunicazione che sostenga di rappresentare INTERSOS.<\/p>\n<p>[\/vc_column_text][\/vc_column][\/vc_row]<\/p>\n<\/div>","protected":false},"excerpt":{"rendered":"<p>[vc_row][vc_column width=&#8221;1\/1&#8243;][vc_column_text uncode_shortcode_id=&#8221;443561&#8243;] Lavora con noi Lavorare con INTERSOS significa impegnarsi professionalmente e umanamente a sostegno delle comunit\u00e0 colpite dalle [&hellip;]<\/p>\n","protected":false},"author":1,"featured_media":0,"parent":0,"menu_order":0,"comment_status":"closed","ping_status":"closed","template":"","meta":{"_acf_changed":false,"give_campaign_id":0,"footnotes":""},"class_list":["post-89913","page","type-page","status-publish","hentry"],"acf":[],"yoast_head":"<!-- This site is optimized with the Yoast SEO plugin v27.2 - https:\/\/yoast.com\/product\/yoast-seo-wordpress\/ -->\n<title>Work with us | INTERSOS<\/title>\n<meta name=\"robots\" content=\"noindex, follow, max-snippet:-1, max-image-preview:large, max-video-preview:-1\" \/>\n<meta property=\"og:locale\" content=\"en_US\" \/>\n<meta property=\"og:type\" content=\"article\" \/>\n<meta property=\"og:title\" content=\"Work with us | INTERSOS\" \/>\n<meta property=\"og:description\" content=\"[vc_row][vc_column width=&#8221;1\/1&#8243;][vc_column_text uncode_shortcode_id=&#8221;443561&#8243;] Lavora con noi Lavorare con INTERSOS significa impegnarsi professionalmente e umanamente a sostegno delle comunit\u00e0 colpite dalle [&hellip;]\" \/>\n<meta property=\"og:url\" content=\"https:\/\/peaceful-shtern.46-37-26-27.plesk.page\/en\/work-with-us\/\" \/>\n<meta property=\"og:site_name\" content=\"Dev Int\" \/>\n<meta property=\"article:publisher\" content=\"https:\/\/www.facebook.com\/Intersos.org\/\" \/>\n<meta property=\"article:modified_time\" content=\"2026-03-19T10:19:20+00:00\" \/>\n<meta name=\"twitter:card\" content=\"summary_large_image\" \/>\n<meta name=\"twitter:site\" content=\"@intersos\" \/>\n<meta name=\"twitter:label1\" content=\"Est. reading time\" \/>\n\t<meta name=\"twitter:data1\" content=\"4 minutes\" \/>\n<script type=\"application\/ld+json\" class=\"yoast-schema-graph\">{\"@context\":\"https:\/\/schema.org\",\"@graph\":[{\"@type\":\"WebPage\",\"@id\":\"https:\/\/peaceful-shtern.46-37-26-27.plesk.page\/en\/work-with-us\/\",\"url\":\"https:\/\/peaceful-shtern.46-37-26-27.plesk.page\/en\/work-with-us\/\",\"name\":\"Work with us | INTERSOS\",\"isPartOf\":{\"@id\":\"https:\/\/intersos.org\/en\/#website\"},\"datePublished\":\"2022-11-22T13:42:43+00:00\",\"dateModified\":\"2026-03-19T10:19:20+00:00\",\"breadcrumb\":{\"@id\":\"https:\/\/peaceful-shtern.46-37-26-27.plesk.page\/en\/work-with-us\/#breadcrumb\"},\"inLanguage\":\"en-US\",\"potentialAction\":[{\"@type\":\"ReadAction\",\"target\":[\"https:\/\/peaceful-shtern.46-37-26-27.plesk.page\/en\/work-with-us\/\"]}]},{\"@type\":\"BreadcrumbList\",\"@id\":\"https:\/\/peaceful-shtern.46-37-26-27.plesk.page\/en\/work-with-us\/#breadcrumb\",\"itemListElement\":[{\"@type\":\"ListItem\",\"position\":1,\"name\":\"Home\",\"item\":\"https:\/\/peaceful-shtern.46-37-26-27.plesk.page\/en\/\"},{\"@type\":\"ListItem\",\"position\":2,\"name\":\"Work with us\"}]},{\"@type\":\"WebSite\",\"@id\":\"https:\/\/intersos.org\/en\/#website\",\"url\":\"https:\/\/intersos.org\/en\/\",\"name\":\"INTERSOS | Organizzazione umanitaria Onlus\",\"description\":\"INTERSOS\",\"alternateName\":\"INTERSOS\",\"potentialAction\":[{\"@type\":\"SearchAction\",\"target\":{\"@type\":\"EntryPoint\",\"urlTemplate\":\"https:\/\/intersos.org\/en\/?s={search_term_string}\"},\"query-input\":{\"@type\":\"PropertyValueSpecification\",\"valueRequired\":true,\"valueName\":\"search_term_string\"}}],\"inLanguage\":\"en-US\"}]}<\/script>\n<!-- \/ Yoast SEO plugin. -->","yoast_head_json":{"title":"Work with us | INTERSOS","robots":{"index":"noindex","follow":"follow","max-snippet":"max-snippet:-1","max-image-preview":"max-image-preview:large","max-video-preview":"max-video-preview:-1"},"og_locale":"en_US","og_type":"article","og_title":"Work with us | INTERSOS","og_description":"[vc_row][vc_column width=&#8221;1\/1&#8243;][vc_column_text uncode_shortcode_id=&#8221;443561&#8243;] Lavora con noi Lavorare con INTERSOS significa impegnarsi professionalmente e umanamente a sostegno delle comunit\u00e0 colpite dalle [&hellip;]","og_url":"https:\/\/peaceful-shtern.46-37-26-27.plesk.page\/en\/work-with-us\/","og_site_name":"Dev Int","article_publisher":"https:\/\/www.facebook.com\/Intersos.org\/","article_modified_time":"2026-03-19T10:19:20+00:00","twitter_card":"summary_large_image","twitter_site":"@intersos","twitter_misc":{"Est. reading time":"4 minutes"},"schema":{"@context":"https:\/\/schema.org","@graph":[{"@type":"WebPage","@id":"https:\/\/peaceful-shtern.46-37-26-27.plesk.page\/en\/work-with-us\/","url":"https:\/\/peaceful-shtern.46-37-26-27.plesk.page\/en\/work-with-us\/","name":"Work with us | INTERSOS","isPartOf":{"@id":"https:\/\/intersos.org\/en\/#website"},"datePublished":"2022-11-22T13:42:43+00:00","dateModified":"2026-03-19T10:19:20+00:00","breadcrumb":{"@id":"https:\/\/peaceful-shtern.46-37-26-27.plesk.page\/en\/work-with-us\/#breadcrumb"},"inLanguage":"en-US","potentialAction":[{"@type":"ReadAction","target":["https:\/\/peaceful-shtern.46-37-26-27.plesk.page\/en\/work-with-us\/"]}]},{"@type":"BreadcrumbList","@id":"https:\/\/peaceful-shtern.46-37-26-27.plesk.page\/en\/work-with-us\/#breadcrumb","itemListElement":[{"@type":"ListItem","position":1,"name":"Home","item":"https:\/\/peaceful-shtern.46-37-26-27.plesk.page\/en\/"},{"@type":"ListItem","position":2,"name":"Work with us"}]},{"@type":"WebSite","@id":"https:\/\/intersos.org\/en\/#website","url":"https:\/\/intersos.org\/en\/","name":"INTERSOS | Organizzazione umanitaria Onlus","description":"INTERSOS","alternateName":"INTERSOS","potentialAction":[{"@type":"SearchAction","target":{"@type":"EntryPoint","urlTemplate":"https:\/\/intersos.org\/en\/?s={search_term_string}"},"query-input":{"@type":"PropertyValueSpecification","valueRequired":true,"valueName":"search_term_string"}}],"inLanguage":"en-US"}]}},"campaignId":"","_links":{"self":[{"href":"https:\/\/peaceful-shtern.46-37-26-27.plesk.page\/en\/wp-json\/wp\/v2\/pages\/89913","targetHints":{"allow":["GET"]}}],"collection":[{"href":"https:\/\/peaceful-shtern.46-37-26-27.plesk.page\/en\/wp-json\/wp\/v2\/pages"}],"about":[{"href":"https:\/\/peaceful-shtern.46-37-26-27.plesk.page\/en\/wp-json\/wp\/v2\/types\/page"}],"author":[{"embeddable":true,"href":"https:\/\/peaceful-shtern.46-37-26-27.plesk.page\/en\/wp-json\/wp\/v2\/users\/1"}],"replies":[{"embeddable":true,"href":"https:\/\/peaceful-shtern.46-37-26-27.plesk.page\/en\/wp-json\/wp\/v2\/comments?post=89913"}],"version-history":[{"count":17,"href":"https:\/\/peaceful-shtern.46-37-26-27.plesk.page\/en\/wp-json\/wp\/v2\/pages\/89913\/revisions"}],"predecessor-version":[{"id":116390,"href":"https:\/\/peaceful-shtern.46-37-26-27.plesk.page\/en\/wp-json\/wp\/v2\/pages\/89913\/revisions\/116390"}],"wp:attachment":[{"href":"https:\/\/peaceful-shtern.46-37-26-27.plesk.page\/en\/wp-json\/wp\/v2\/media?parent=89913"}],"curies":[{"name":"wp","href":"https:\/\/api.w.org\/{rel}","templated":true}]}}