{"id":106019,"date":"2023-01-24T10:50:59","date_gmt":"2023-01-24T09:50:59","guid":{"rendered":"https:\/\/peaceful-shtern.46-37-26-27.plesk.page\/?page_id=106019"},"modified":"2025-07-07T12:27:10","modified_gmt":"2025-07-07T10:27:10","slug":"qui-sommes-nous","status":"publish","type":"page","link":"https:\/\/peaceful-shtern.46-37-26-27.plesk.page\/fr\/qui-sommes-nous\/","title":{"rendered":"Qui sommes-nous ?"},"content":{"rendered":"<div class=\"wpb-content-wrapper\"><p>[vc_row row_height_percent=&#8221;0&#8243; override_padding=&#8221;yes&#8221; h_padding=&#8221;2&#8243; top_padding=&#8221;3&#8243; bottom_padding=&#8221;2&#8243; overlay_alpha=&#8221;50&#8243; gutter_size=&#8221;3&#8243; column_width_percent=&#8221;100&#8243; shift_y=&#8221;0&#8243; z_index=&#8221;0&#8243; uncode_shortcode_id=&#8221;516837&#8243;][vc_column width=&#8221;1\/1&#8243;][vc_column_text uncode_shortcode_id=&#8221;206365&#8243;]<\/p>\n<h1>Qui sommes-nous ?<\/h1>\n<p><span style=\"font-weight: 400;\">INTERSOS est une organisation humanitaire internationale, n\u00e9e en Italie qui op\u00e8re en premi\u00e8re ligne en contexte de conflits arm\u00e9s, de violences, de pauvret\u00e9 extr\u00eame, de catastrophes naturelles ou caus\u00e9es par l\u2019\u00eatre humain. <\/span>[\/vc_column_text][\/vc_column][\/vc_row][vc_row row_height_percent=&#8221;0&#8243; overlay_alpha=&#8221;50&#8243; gutter_size=&#8221;3&#8243; column_width_percent=&#8221;100&#8243; shift_y=&#8221;0&#8243; z_index=&#8221;0&#8243; uncode_shortcode_id=&#8221;257123&#8243;][vc_column width=&#8221;1\/1&#8243;][vc_single_image media=&#8221;90033&#8243; media_width_percent=&#8221;100&#8243; alignment=&#8221;center&#8221; shape=&#8221;img-round&#8221; radius=&#8221;lg&#8221; shadow=&#8221;yes&#8221; shadow_weight=&#8221;sm&#8221; uncode_shortcode_id=&#8221;134909&#8243;][\/vc_column][\/vc_row][vc_row row_height_percent=&#8221;0&#8243; overlay_alpha=&#8221;50&#8243; gutter_size=&#8221;3&#8243; column_width_percent=&#8221;100&#8243; shift_y=&#8221;0&#8243; z_index=&#8221;0&#8243; uncode_shortcode_id=&#8221;257123&#8243;][vc_column width=&#8221;1\/1&#8243;][vc_column_text uncode_shortcode_id=&#8221;163908&#8243;]<span style=\"font-weight: 400;\">INTERSOS est une organisation ind\u00e9pendante, partenaire de nombreuses associations et organisations <\/span><span style=\"font-weight: 400;\">des pays dans lesquels il intervient<\/span><span style=\"font-weight: 400;\"> et, des principales institutions et agences europ\u00e9ennes et internationales. Nous faisons \u00e9galement partie de L\u2019ICVA, de VOICE, de LINK 2007 et jouissons du statut de consultant aupr\u00e8s du conseil \u00e9conomique et social des Nations Unis, ainsi que du statut d\u2019observateur aupr\u00e8s de l\u2019Organisation Internationale pour l\u2019immigration. <\/span>[\/vc_column_text][vc_custom_heading uncode_shortcode_id=&#8221;146575&#8243;]\u00catre toujours humain. Depuis trente ann\u00e9es en premi\u00e8re ligne pour assister, soigner et prot\u00e9ger.[\/vc_custom_heading][vc_column_text uncode_shortcode_id=&#8221;160387&#8243;]<span style=\"font-weight: 400;\">Depuis 1992 nos op\u00e9rateurs et op\u00e9ratrices portent secours aux personnes victimes de crises humanitaires avec une attention particuli\u00e8re sur la protection des personnes vuln\u00e9rables, en leur garantissant des soins m\u00e9dicaux, en distribuant des biens et denr\u00e9es de premi\u00e8res n\u00e9cessit\u00e9es et en offrant aux victimes un abri d\u2019urgence. Chaque jour nous contribuions \u00e0 satisfaire aux besoins primaires des victimes, tels que le droit \u00e0 l\u2019alimentation, \u00e0 l\u2019eau potable, \u00e0 la sante, \u00e0 la protection et \u00e0 l\u2019\u00e9ducation.<\/span><\/p>\n<p><span style=\"font-weight: 400;\">Nous nous y attelons parce que notre r\u00e9ponse humanitaire que ce soit dans l\u2019optique d\u2019atteindre les victimes dans des lieux de sinistres ou que ce soit dans des conditions de vuln\u00e9rabilit\u00e9, est dangereuse. Parall\u00e8lement nous travaillons sur le terrain pour mettre en place les bases d\u2019un processus de d\u00e9but de d\u00e9veloppement et en m\u00eame temps sensibilit\u00e9 la soci\u00e9t\u00e9 sur les valeurs humaines, les droits fondamentaux et la dignit\u00e9 de chaque \u00eatre humain.<\/span>[\/vc_column_text][\/vc_column][\/vc_row][vc_row row_height_percent=&#8221;0&#8243; override_padding=&#8221;yes&#8221; h_padding=&#8221;2&#8243; top_padding=&#8221;3&#8243; bottom_padding=&#8221;6&#8243; overlay_alpha=&#8221;50&#8243; gutter_size=&#8221;3&#8243; column_width_percent=&#8221;100&#8243; shift_y=&#8221;0&#8243; z_index=&#8221;4&#8243; uncode_shortcode_id=&#8221;170497&#8243;][vc_column width=&#8221;1\/1&#8243;][vc_column_text uncode_shortcode_id=&#8221;179893&#8243;]<\/p>\n<h2>Les si\u00e8ges<\/h2>\n<p><span style=\"font-weight: 400;\">Le si\u00e8ge central d\u2019INTERSOS \u00e0 Rome en Italie coordonne les op\u00e9rations des pays dans lesquels il op\u00e8re en toute efficience et transparence. INTERSOS a \u00e9galement des bases d\u00e9tach\u00e9es en Amman et en Nairobi. Nous avons un si\u00e8ge de repr\u00e9sentation \u00e0 Gen\u00e8ve en Suisse. En Gr\u00e8ce, INTERSOS a fond\u00e9 une organisation partenaire : INTERSOS H\u00e9las qui se charge directement de la gestion des programmes humanitaires du pays. <\/span>[\/vc_column_text][\/vc_column][\/vc_row][vc_row unlock_row_content=&#8221;yes&#8221; row_height_percent=&#8221;0&#8243; override_padding=&#8221;yes&#8221; h_padding=&#8221;0&#8243; top_padding=&#8221;0&#8243; bottom_padding=&#8221;0&#8243; overlay_alpha=&#8221;50&#8243; gutter_size=&#8221;3&#8243; column_width_percent=&#8221;100&#8243; shift_y=&#8221;-5&#8243; z_index=&#8221;0&#8243; content_parallax=&#8221;0&#8243; uncode_shortcode_id=&#8221;143413&#8243; el_class=&#8221;mappa-home-desktop&#8221;][vc_column width=&#8221;1\/1&#8243;][vc_raw_html]W3Nob3ctbWFwIGlkPSIyIl0=[\/vc_raw_html][\/vc_column][\/vc_row][vc_row row_height_percent=&#8221;0&#8243; override_padding=&#8221;yes&#8221; h_padding=&#8221;2&#8243; top_padding=&#8221;6&#8243; bottom_padding=&#8221;4&#8243; overlay_alpha=&#8221;50&#8243; gutter_size=&#8221;3&#8243; column_width_percent=&#8221;100&#8243; shift_y=&#8221;-5&#8243; z_index=&#8221;4&#8243; uncode_shortcode_id=&#8221;592870&#8243;][vc_column width=&#8221;1\/1&#8243;][vc_column_text uncode_shortcode_id=&#8221;130316&#8243;]<\/p>\n<h2>Nos valeurs<\/h2>\n<p><span style=\"font-weight: 400;\">INTERSOS s\u2019att\u00e8le chaque jour \u00e0 \u00eatre neutre, impartiale, ind\u00e9pendante. Avec la conviction que chaque \u00eatre humain \u00e0 droit \u00e0 \u00eatre secouru, prot\u00e9g\u00e9 et soign\u00e9. Plac\u00e9 l\u2019\u00eatre humain au centre de nos actions est le principe qui fait mouvoir INTERSOS et cela sans distinctions <\/span><span style=\"font-weight: 400;\">d\u2019appartenance religieuse, politique, sociale. Nous croyons aux principes d\u2019\u00e9galit\u00e9, de justice, de paix, de solidarit\u00e9 et au devoir de chaque individu \u00e0 venir en aide \u00e0 qui vie dans des conditions de vuln\u00e9rabilit\u00e9 et de souffrance extr\u00eame de plus de le faire sans condition d\u2019aucune nature. <\/span>[\/vc_column_text][vc_button button_color=&#8221;color-214091&#8243; border_width=&#8221;0&#8243; uncode_shortcode_id=&#8221;145533&#8243; button_color_type=&#8221;uncode-palette&#8221; link=&#8221;url:https%3A%2F%2Fpeaceful-shtern.46-37-26-27.plesk.page%2Fwp-content%2Fuploads%2F2024%2F10%2FCHARTE-DES-VALEURS_.pdf&#8221;]T\u00e9l\u00e9charge la carte des valeurs[\/vc_button][\/vc_column][\/vc_row][vc_row row_height_percent=&#8221;0&#8243; override_padding=&#8221;yes&#8221; h_padding=&#8221;2&#8243; top_padding=&#8221;0&#8243; bottom_padding=&#8221;4&#8243; back_color=&#8221;color-191468&#8243; overlay_alpha=&#8221;50&#8243; gutter_size=&#8221;3&#8243; column_width_percent=&#8221;100&#8243; shift_y=&#8221;0&#8243; z_index=&#8221;1&#8243; desktop_visibility=&#8221;yes&#8221; medium_visibility=&#8221;yes&#8221; mobile_visibility=&#8221;yes&#8221; inverted_device_order=&#8221;yes&#8221; auto_height_device=&#8221;yes&#8221; uncode_shortcode_id=&#8221;182450&#8243; back_color_type=&#8221;uncode-palette&#8221;][vc_column column_width_percent=&#8221;100&#8243; position_horizontal=&#8221;left&#8221; gutter_size=&#8221;3&#8243; style=&#8221;light&#8221; overlay_alpha=&#8221;50&#8243; shift_x=&#8221;0&#8243; shift_y=&#8221;0&#8243; shift_y_down=&#8221;0&#8243; z_index=&#8221;0&#8243; medium_width=&#8221;0&#8243; mobile_width=&#8221;0&#8243; width=&#8221;1\/1&#8243; uncode_shortcode_id=&#8221;949653&#8243;][vc_gallery el_id=&#8221;gallery-114866&#8243; type=&#8221;carousel&#8221; medias=&#8221;88737,89088,89093,89881,89884,89887,97602,98895,98898&#8243; carousel_lg=&#8221;2&#8243; carousel_md=&#8221;2&#8243; carousel_sm=&#8221;1&#8243; thumb_size=&#8221;three-two&#8221; gutter_size=&#8221;3&#8243; media_items=&#8221;title,description&#8221; carousel_height=&#8221;equal&#8221; carousel_interval=&#8221;0&#8243; carousel_navspeed=&#8221;700&#8243; carousel_loop=&#8221;yes&#8221; carousel_nav=&#8221;yes&#8221; carousel_nav_mobile=&#8221;yes&#8221; carousel_dot_position=&#8221;right&#8221; carousel_textual=&#8221;yes&#8221; hide_quotes=&#8221;yes&#8221; stage_padding=&#8221;0&#8243; single_text=&#8221;under&#8221; single_back_color=&#8221;color-xsdn&#8221; single_shape=&#8221;round&#8221; radius=&#8221;xl&#8221; single_overlay_opacity=&#8221;50&#8243; single_overlay_anim=&#8221;no&#8221; single_text_visible=&#8221;yes&#8221; single_text_anim=&#8221;no&#8221; single_image_anim=&#8221;no&#8221; single_padding=&#8221;0&#8243; single_title_dimension=&#8221;h3&#8243; no_double_tap=&#8221;yes&#8221; uncode_shortcode_id=&#8221;696380&#8243; el_class=&#8221;carosello-doa carosello-solo-testo-doa&#8221;][\/vc_column][\/vc_row][vc_row][vc_column width=&#8221;1\/1&#8243;][vc_separator sep_color=&#8221;&#8221; uncode_shortcode_id=&#8221;409791&#8243; el_height=&#8221;2px&#8221;][\/vc_column][\/vc_row][vc_row][vc_column width=&#8221;1\/2&#8243;][vc_column_text uncode_shortcode_id=&#8221;156578&#8243;]<\/p>\n<h2>Personnes<\/h2>\n<p>Nos \u00e9quipes sont compos\u00e9es de personnes comp\u00e9tentes et passionn\u00e9es, anim\u00e9es par le d\u00e9sir d\u2019apporter leur contribution dans l\u2019aide aux personnes qui vivent dans des conditions de d\u00e9tresse. Nos employ\u00e9s sont des professionnels ayant une exp\u00e9rience de contexte de crises humanitaires.[\/vc_column_text][vc_button button_color=&#8221;color-214091&#8243; border_width=&#8221;0&#8243; uncode_shortcode_id=&#8221;106665&#8243; button_color_type=&#8221;uncode-palette&#8221; link=&#8221;url:https%3A%2F%2Fpeaceful-shtern.46-37-26-27.plesk.page%2Ffr%2Fpersonnes%2F|title:Personnes&#8221;]d\u00e9couvrez qui sommes-nous[\/vc_button][\/vc_column][vc_column width=&#8221;1\/2&#8243;][vc_column_text uncode_shortcode_id=&#8221;175149&#8243;]<\/p>\n<h2>Notre histoire<\/h2>\n<p>INTERSOS est une organisation humanitaire en premi\u00e8re ligne de secours de grande urgence pour porter imm\u00e9diatement secours aux victimes de guerres, de violences, et de catastrophes naturelles. Depuis 1992 nous avons r\u00e9alis\u00e9 plusieurs projets d\u2019aide dans 45 pays et 4 continents.[\/vc_column_text][vc_button button_color=&#8221;color-214091&#8243; border_width=&#8221;0&#8243; uncode_shortcode_id=&#8221;122152&#8243; button_color_type=&#8221;uncode-palette&#8221; link=&#8221;url:https%3A%2F%2Fpeaceful-shtern.46-37-26-27.plesk.page%2Ffr%2Fhistoire%2F|title:Histoire&#8221;]Pour en savoir plus[\/vc_button][\/vc_column][\/vc_row]<\/p>\n<\/div>","protected":false},"excerpt":{"rendered":"<p>[vc_row row_height_percent=&#8221;0&#8243; override_padding=&#8221;yes&#8221; h_padding=&#8221;2&#8243; top_padding=&#8221;3&#8243; bottom_padding=&#8221;2&#8243; overlay_alpha=&#8221;50&#8243; gutter_size=&#8221;3&#8243; column_width_percent=&#8221;100&#8243; shift_y=&#8221;0&#8243; z_index=&#8221;0&#8243; uncode_shortcode_id=&#8221;516837&#8243;][vc_column width=&#8221;1\/1&#8243;][vc_column_text uncode_shortcode_id=&#8221;206365&#8243;] Qui sommes-nous ? INTERSOS est une [&hellip;]<\/p>\n","protected":false},"author":1,"featured_media":0,"parent":0,"menu_order":0,"comment_status":"closed","ping_status":"closed","template":"","meta":{"_acf_changed":false,"give_campaign_id":0,"footnotes":""},"class_list":["post-106019","page","type-page","status-publish","hentry","page_category-pagine-comunicazione-fr"],"acf":[],"yoast_head":"<!-- This site is optimized with the Yoast SEO plugin v27.2 - https:\/\/yoast.com\/product\/yoast-seo-wordpress\/ -->\n<title>Qui sommes-nous ? | INTERSOS<\/title>\n<meta name=\"robots\" content=\"noindex, follow, max-snippet:-1, max-image-preview:large, max-video-preview:-1\" \/>\n<meta property=\"og:locale\" content=\"fr_FR\" \/>\n<meta property=\"og:type\" content=\"article\" \/>\n<meta property=\"og:title\" content=\"Qui sommes-nous ? | INTERSOS\" \/>\n<meta property=\"og:description\" content=\"[vc_row row_height_percent=&#8221;0&#8243; override_padding=&#8221;yes&#8221; h_padding=&#8221;2&#8243; top_padding=&#8221;3&#8243; bottom_padding=&#8221;2&#8243; overlay_alpha=&#8221;50&#8243; gutter_size=&#8221;3&#8243; column_width_percent=&#8221;100&#8243; shift_y=&#8221;0&#8243; z_index=&#8221;0&#8243; uncode_shortcode_id=&#8221;516837&#8243;][vc_column width=&#8221;1\/1&#8243;][vc_column_text uncode_shortcode_id=&#8221;206365&#8243;] Qui sommes-nous ? INTERSOS est une [&hellip;]\" \/>\n<meta property=\"og:url\" content=\"https:\/\/peaceful-shtern.46-37-26-27.plesk.page\/fr\/qui-sommes-nous\/\" \/>\n<meta property=\"og:site_name\" content=\"Dev Int\" \/>\n<meta property=\"article:publisher\" content=\"https:\/\/www.facebook.com\/Intersos.org\/\" \/>\n<meta property=\"article:modified_time\" content=\"2025-07-07T10:27:10+00:00\" \/>\n<meta name=\"twitter:card\" content=\"summary_large_image\" \/>\n<meta name=\"twitter:site\" content=\"@intersos\" \/>\n<meta name=\"twitter:label1\" content=\"Dur\u00e9e de lecture estim\u00e9e\" \/>\n\t<meta name=\"twitter:data1\" content=\"4 minutes\" \/>\n<script type=\"application\/ld+json\" class=\"yoast-schema-graph\">{\"@context\":\"https:\/\/schema.org\",\"@graph\":[{\"@type\":\"WebPage\",\"@id\":\"https:\/\/peaceful-shtern.46-37-26-27.plesk.page\/fr\/qui-sommes-nous\/\",\"url\":\"https:\/\/peaceful-shtern.46-37-26-27.plesk.page\/fr\/qui-sommes-nous\/\",\"name\":\"Qui sommes-nous ? | INTERSOS\",\"isPartOf\":{\"@id\":\"https:\/\/intersos.org\/en\/#website\"},\"datePublished\":\"2023-01-24T09:50:59+00:00\",\"dateModified\":\"2025-07-07T10:27:10+00:00\",\"breadcrumb\":{\"@id\":\"https:\/\/peaceful-shtern.46-37-26-27.plesk.page\/fr\/qui-sommes-nous\/#breadcrumb\"},\"inLanguage\":\"fr-FR\",\"potentialAction\":[{\"@type\":\"ReadAction\",\"target\":[\"https:\/\/peaceful-shtern.46-37-26-27.plesk.page\/fr\/qui-sommes-nous\/\"]}]},{\"@type\":\"BreadcrumbList\",\"@id\":\"https:\/\/peaceful-shtern.46-37-26-27.plesk.page\/fr\/qui-sommes-nous\/#breadcrumb\",\"itemListElement\":[{\"@type\":\"ListItem\",\"position\":1,\"name\":\"Home\",\"item\":\"https:\/\/peaceful-shtern.46-37-26-27.plesk.page\/\"},{\"@type\":\"ListItem\",\"position\":2,\"name\":\"Qui sommes-nous ?\"}]},{\"@type\":\"WebSite\",\"@id\":\"https:\/\/intersos.org\/en\/#website\",\"url\":\"https:\/\/intersos.org\/en\/\",\"name\":\"INTERSOS | Organizzazione umanitaria Onlus\",\"description\":\"INTERSOS\",\"alternateName\":\"INTERSOS\",\"potentialAction\":[{\"@type\":\"SearchAction\",\"target\":{\"@type\":\"EntryPoint\",\"urlTemplate\":\"https:\/\/intersos.org\/en\/?s={search_term_string}\"},\"query-input\":{\"@type\":\"PropertyValueSpecification\",\"valueRequired\":true,\"valueName\":\"search_term_string\"}}],\"inLanguage\":\"fr-FR\"}]}<\/script>\n<!-- \/ Yoast SEO plugin. -->","yoast_head_json":{"title":"Qui sommes-nous ? | INTERSOS","robots":{"index":"noindex","follow":"follow","max-snippet":"max-snippet:-1","max-image-preview":"max-image-preview:large","max-video-preview":"max-video-preview:-1"},"og_locale":"fr_FR","og_type":"article","og_title":"Qui sommes-nous ? | INTERSOS","og_description":"[vc_row row_height_percent=&#8221;0&#8243; override_padding=&#8221;yes&#8221; h_padding=&#8221;2&#8243; top_padding=&#8221;3&#8243; bottom_padding=&#8221;2&#8243; overlay_alpha=&#8221;50&#8243; gutter_size=&#8221;3&#8243; column_width_percent=&#8221;100&#8243; shift_y=&#8221;0&#8243; z_index=&#8221;0&#8243; uncode_shortcode_id=&#8221;516837&#8243;][vc_column width=&#8221;1\/1&#8243;][vc_column_text uncode_shortcode_id=&#8221;206365&#8243;] Qui sommes-nous ? INTERSOS est une [&hellip;]","og_url":"https:\/\/peaceful-shtern.46-37-26-27.plesk.page\/fr\/qui-sommes-nous\/","og_site_name":"Dev Int","article_publisher":"https:\/\/www.facebook.com\/Intersos.org\/","article_modified_time":"2025-07-07T10:27:10+00:00","twitter_card":"summary_large_image","twitter_site":"@intersos","twitter_misc":{"Dur\u00e9e de lecture estim\u00e9e":"4 minutes"},"schema":{"@context":"https:\/\/schema.org","@graph":[{"@type":"WebPage","@id":"https:\/\/peaceful-shtern.46-37-26-27.plesk.page\/fr\/qui-sommes-nous\/","url":"https:\/\/peaceful-shtern.46-37-26-27.plesk.page\/fr\/qui-sommes-nous\/","name":"Qui sommes-nous ? | INTERSOS","isPartOf":{"@id":"https:\/\/intersos.org\/en\/#website"},"datePublished":"2023-01-24T09:50:59+00:00","dateModified":"2025-07-07T10:27:10+00:00","breadcrumb":{"@id":"https:\/\/peaceful-shtern.46-37-26-27.plesk.page\/fr\/qui-sommes-nous\/#breadcrumb"},"inLanguage":"fr-FR","potentialAction":[{"@type":"ReadAction","target":["https:\/\/peaceful-shtern.46-37-26-27.plesk.page\/fr\/qui-sommes-nous\/"]}]},{"@type":"BreadcrumbList","@id":"https:\/\/peaceful-shtern.46-37-26-27.plesk.page\/fr\/qui-sommes-nous\/#breadcrumb","itemListElement":[{"@type":"ListItem","position":1,"name":"Home","item":"https:\/\/peaceful-shtern.46-37-26-27.plesk.page\/"},{"@type":"ListItem","position":2,"name":"Qui sommes-nous ?"}]},{"@type":"WebSite","@id":"https:\/\/intersos.org\/en\/#website","url":"https:\/\/intersos.org\/en\/","name":"INTERSOS | Organizzazione umanitaria Onlus","description":"INTERSOS","alternateName":"INTERSOS","potentialAction":[{"@type":"SearchAction","target":{"@type":"EntryPoint","urlTemplate":"https:\/\/intersos.org\/en\/?s={search_term_string}"},"query-input":{"@type":"PropertyValueSpecification","valueRequired":true,"valueName":"search_term_string"}}],"inLanguage":"fr-FR"}]}},"campaignId":"","_links":{"self":[{"href":"https:\/\/peaceful-shtern.46-37-26-27.plesk.page\/fr\/wp-json\/wp\/v2\/pages\/106019","targetHints":{"allow":["GET"]}}],"collection":[{"href":"https:\/\/peaceful-shtern.46-37-26-27.plesk.page\/fr\/wp-json\/wp\/v2\/pages"}],"about":[{"href":"https:\/\/peaceful-shtern.46-37-26-27.plesk.page\/fr\/wp-json\/wp\/v2\/types\/page"}],"author":[{"embeddable":true,"href":"https:\/\/peaceful-shtern.46-37-26-27.plesk.page\/fr\/wp-json\/wp\/v2\/users\/1"}],"replies":[{"embeddable":true,"href":"https:\/\/peaceful-shtern.46-37-26-27.plesk.page\/fr\/wp-json\/wp\/v2\/comments?post=106019"}],"version-history":[{"count":14,"href":"https:\/\/peaceful-shtern.46-37-26-27.plesk.page\/fr\/wp-json\/wp\/v2\/pages\/106019\/revisions"}],"predecessor-version":[{"id":112712,"href":"https:\/\/peaceful-shtern.46-37-26-27.plesk.page\/fr\/wp-json\/wp\/v2\/pages\/106019\/revisions\/112712"}],"wp:attachment":[{"href":"https:\/\/peaceful-shtern.46-37-26-27.plesk.page\/fr\/wp-json\/wp\/v2\/media?parent=106019"}],"curies":[{"name":"wp","href":"https:\/\/api.w.org\/{rel}","templated":true}]}}