{"id":108358,"date":"2023-03-30T10:10:58","date_gmt":"2023-03-30T08:10:58","guid":{"rendered":"https:\/\/peaceful-shtern.46-37-26-27.plesk.page\/travailler-avec-nous-stage\/"},"modified":"2024-11-04T11:45:46","modified_gmt":"2024-11-04T10:45:46","slug":"travailler-avec-nous-stage","status":"publish","type":"page","link":"https:\/\/peaceful-shtern.46-37-26-27.plesk.page\/fr\/travailler-avec-nous-stage\/","title":{"rendered":"Travailler avec nous &#8211; Stage"},"content":{"rendered":"<div class=\"wpb-content-wrapper\"><p>[vc_row][vc_column width=&#8221;1\/1&#8243;][vc_column_text uncode_shortcode_id=&#8221;901843&#8243;]<\/p>\n<h1>Stage<\/h1>\n<p><span style=\"font-weight: 400;\">Les stages scolaires sont des exp\u00e9riences de formation pour les jeunes ressources qui veulent mettre en pratique les connaissances acquises au cours de leur processus acad\u00e9mique et d\u2019apporter leurs contributions directes \u00e0 l\u2019avanc\u00e9e de la marche de l\u2019organisation. <\/span><\/p>\n<p><span style=\"font-weight: 400;\">Cette exp\u00e9rience avec INTERSOS est un moyen idoine de d\u00e9couvrir le fonctionnement d\u2019une ONG et de prendre conscience de sa propre capacit\u00e9 \u00e0 interagir avec le milieu professionnel. <\/span><\/p>\n<p><span style=\"font-weight: 400;\">En outre le stage scolaire, partiel ou \u00e0 plein temps, en mission externe, donne la possibilit\u00e9 de m\u00e2turer une exp\u00e9rience sur le terrain, de collaborer avec les op\u00e9rateurs humanitaires d\u2019INTERSOS et enfin d\u2019envisager de construire une carri\u00e8re dans le domaine humanitaire.<\/span><\/p>\n<p><span style=\"font-weight: 400;\">En fonction de ses objectifs, le stage acad\u00e9mique, qui est r\u00e9serv\u00e9 aux \u00e9tudiants universitaires de niveau licence ou master, pr\u00e9voit l\u2019\u00e9tablissement d\u2019un projet de formation et la signature d\u2019un protocole d\u2019accord avec l\u2019organisation. <\/span><\/p>\n<p><span style=\"font-weight: 400;\">Les stages acad\u00e9miques d\u2019INTERSOS sont principalement d\u00e9di\u00e9s \u00e0 \/aux : <\/span><\/p>\n<ul>\n<li style=\"font-weight: 400;\" aria-level=\"1\"><span style=\"font-weight: 400;\">D\u00e9partement des programmes <\/span><\/li>\n<li style=\"font-weight: 400;\" aria-level=\"1\"><span style=\"font-weight: 400;\">Unit\u00e9 de protection <\/span><\/li>\n<li style=\"font-weight: 400;\" aria-level=\"1\"><span style=\"font-weight: 400;\">Unit\u00e9 m\u00e9dicale<\/span><\/li>\n<li style=\"font-weight: 400;\" aria-level=\"1\"><span style=\"font-weight: 400;\">D\u00e9partement des ressources humaines <\/span><\/li>\n<li style=\"font-weight: 400;\" aria-level=\"1\"><span style=\"font-weight: 400;\">D\u00e9partement des finances <\/span><\/li>\n<li style=\"font-weight: 400;\" aria-level=\"1\"><span style=\"font-weight: 400;\">D\u00e9partement de la logistique<\/span><\/li>\n<li style=\"font-weight: 400;\" aria-level=\"1\"><span style=\"font-weight: 400;\">Unit\u00e9 des donateurs <\/span><\/li>\n<li style=\"font-weight: 400;\" aria-level=\"1\"><span style=\"font-weight: 400;\">Audit interne<\/span><\/li>\n<\/ul>\n<p><span style=\"font-weight: 400;\">En fonction du contexte et du secteur d\u2019intervention, le stage acad\u00e9mique peut \u00eatre activ\u00e9 selon les formules suivantes :<\/span><\/p>\n<ul>\n<li style=\"font-weight: 400;\" aria-level=\"1\"><span style=\"font-weight: 400;\">de 3 \u00e0 6 mois<\/span><b> au si\u00e8ge central<\/b><span style=\"font-weight: 400;\"> (Rome) ou<\/span><b> d\u00e9centralis\u00e9 <\/b><span style=\"font-weight: 400;\">(Dakar, Amman, Nairobi.)<\/span><\/li>\n<li style=\"font-weight: 400;\" aria-level=\"1\"><span style=\"font-weight: 400;\">de 3 \u00e0 4 mois au<\/span><b> si\u00e8ge central<\/b><span style=\"font-weight: 400;\"> (Rome) ou <\/span><b>d\u00e9centralis\u00e9 <\/b><span style=\"font-weight: 400;\">(Dakar, Amman, Nairobi) + une p\u00e9riode de<\/span><b> mission externe<\/b><span style=\"font-weight: 400;\"> de 2\/3 mois (pour un total de 6mois maximum)<\/span><\/li>\n<li style=\"font-weight: 400;\" aria-level=\"1\"><span style=\"font-weight: 400;\">P\u00e9riode<\/span><span style=\"font-weight: 400;\"> de 6 mois aupr\u00e8s d&#8217;une<\/span><b> mission externe<\/b><span style=\"font-weight: 400;\"> ou d&#8217;une<\/span><b> mission en Italie<\/b><\/li>\n<\/ul>\n<p><span style=\"font-weight: 400;\">Dans certains cas, l\u2019opportunit\u00e9 de stage au si\u00e8ge central peut se d\u00e9rouler en module th\u00e9matique. Cette option est sp\u00e9cifi\u00e9e dans l\u2019annonce. <\/span><\/p>\n<p><span style=\"font-weight: 400;\">Lorsque pr\u00e9vu, le choix des missions \u00e0 l\u2019externe, parmi celles que nous g\u00e9rons, varie en fonction de la formule s\u00e9lectionn\u00e9e au pr\u00e9alable, des conditions de s\u00e9curit\u00e9 et de la disponibilit\u00e9 logistique de la mission. <\/span>[\/vc_column_text][\/vc_column][\/vc_row][vc_row row_height_percent=&#8221;0&#8243; override_padding=&#8221;yes&#8221; h_padding=&#8221;2&#8243; top_padding=&#8221;2&#8243; bottom_padding=&#8221;0&#8243; overlay_alpha=&#8221;50&#8243; gutter_size=&#8221;3&#8243; column_width_percent=&#8221;100&#8243; shift_y=&#8221;0&#8243; z_index=&#8221;0&#8243; uncode_shortcode_id=&#8221;204595&#8243;][vc_column column_width_percent=&#8221;100&#8243; position_horizontal=&#8221;left&#8221; position_vertical=&#8221;middle&#8221; gutter_size=&#8221;3&#8243; override_padding=&#8221;yes&#8221; column_padding=&#8221;3&#8243; style=&#8221;dark&#8221; back_color=&#8221;color-214091&#8243; overlay_alpha=&#8221;50&#8243; shift_x=&#8221;0&#8243; shift_y=&#8221;0&#8243; shift_y_down=&#8221;0&#8243; z_index=&#8221;0&#8243; medium_width=&#8221;0&#8243; mobile_width=&#8221;0&#8243; radius=&#8221;xl&#8221; width=&#8221;1\/1&#8243; uncode_shortcode_id=&#8221;179605&#8243; back_color_type=&#8221;uncode-palette&#8221;][vc_column_text uncode_shortcode_id=&#8221;770465&#8243;]<\/p>\n<h2>Les profils les plus recherches<\/h2>\n<p><span style=\"font-weight: 400;\">Les opportunit\u00e9s de stages acad\u00e9miques d\u2019INTERSOS sont r\u00e9serv\u00e9es aux jeunes int\u00e9ress\u00e9s par le secteur humanitaire, qui partagent les valeurs d\u2019INTERSOS telles que : l\u2019\u00e9galit\u00e9, la justice, la dignit\u00e9 de la personne, l\u2019\u00e9gal acc\u00e8s aux droits et ressources, la paix et la solidarit\u00e9, ainsi qu\u2019aux principes humanitaires bas\u00e9s sur son travail. <\/span><\/p>\n<p><span style=\"font-weight: 400;\">La pr\u00e9disposition de collaborer avec une \u00e9quipe de professionnels est \u00e9galement requise, aussi bien \u00e0 l\u2019internationale qu\u2019au niveau local, mais aussi la flexibilit\u00e9 et la capacit\u00e9 de faire face devant des situations et des conditions de vie complexes. <\/span><\/p>\n<p><span style=\"font-weight: 400;\">Nous recherchons par-dessus tout, des jeunes dot\u00e9s d\u2019une forte motivation et la volont\u00e9 de se mettre en exergue! <\/span><\/p>\n<p><span style=\"font-weight: 400;\">Si tel est le cas pour vous, postulez en ligne avec votre r\u00e9el profil et rejoignez INTERSOS!<\/span><\/p>\n<p><span style=\"font-weight: 400;\">Dans le cas contraire, trouvez des opportunit\u00e9s de stages sp\u00e9cifiques en ligne avec votre r\u00e9el profil, envoyez votre candidature \u00e0 travers les postes g\u00e9n\u00e9riques \u00e9ventuellement ouverts.<\/span>[\/vc_column_text][\/vc_column][\/vc_row][vc_row row_height_percent=&#8221;0&#8243; override_padding=&#8221;yes&#8221; h_padding=&#8221;2&#8243; top_padding=&#8221;2&#8243; bottom_padding=&#8221;0&#8243; overlay_alpha=&#8221;50&#8243; gutter_size=&#8221;3&#8243; column_width_percent=&#8221;100&#8243; shift_y=&#8221;0&#8243; z_index=&#8221;0&#8243; uncode_shortcode_id=&#8221;204595&#8243;][vc_column column_width_percent=&#8221;100&#8243; position_horizontal=&#8221;left&#8221; position_vertical=&#8221;middle&#8221; gutter_size=&#8221;3&#8243; override_padding=&#8221;yes&#8221; column_padding=&#8221;3&#8243; style=&#8221;dark&#8221; back_color=&#8221;color-214091&#8243; overlay_alpha=&#8221;50&#8243; shift_x=&#8221;0&#8243; shift_y=&#8221;0&#8243; shift_y_down=&#8221;0&#8243; z_index=&#8221;0&#8243; medium_width=&#8221;0&#8243; mobile_width=&#8221;0&#8243; radius=&#8221;xl&#8221; width=&#8221;1\/1&#8243; uncode_shortcode_id=&#8221;179605&#8243; back_color_type=&#8221;uncode-palette&#8221;][vc_row_inner][vc_column_inner column_width_percent=&#8221;100&#8243; gutter_size=&#8221;3&#8243; style=&#8221;dark&#8221; overlay_alpha=&#8221;50&#8243; shift_x=&#8221;0&#8243; shift_y=&#8221;0&#8243; shift_y_down=&#8221;0&#8243; z_index=&#8221;0&#8243; medium_width=&#8221;0&#8243; mobile_width=&#8221;0&#8243; width=&#8221;2\/3&#8243; uncode_shortcode_id=&#8221;609902&#8243;][vc_column_text uncode_shortcode_id=&#8221;147181&#8243;]<\/p>\n<h2>Processus de s\u00e9lection<\/h2>\n<p>Comment fonctionne le processus pour un poste de stage?[\/vc_column_text][\/vc_column_inner][vc_column_inner column_width_percent=&#8221;100&#8243; gutter_size=&#8221;3&#8243; style=&#8221;dark&#8221; overlay_alpha=&#8221;50&#8243; shift_x=&#8221;0&#8243; shift_y=&#8221;0&#8243; shift_y_down=&#8221;0&#8243; z_index=&#8221;0&#8243; medium_visibility=&#8221;yes&#8221; medium_width=&#8221;0&#8243; mobile_visibility=&#8221;yes&#8221; mobile_width=&#8221;0&#8243; width=&#8221;1\/3&#8243; uncode_shortcode_id=&#8221;191542&#8243;][\/vc_column_inner][\/vc_row_inner][vc_tabs align=&#8221;left&#8221;][vc_tab gutter_size=&#8221;2&#8243; column_padding=&#8221;2&#8243; title=&#8221;Candidature&#8221; tab_id=&#8221;1674660271-1-491689774141319&#8243;][vc_column_text uncode_shortcode_id=&#8221;134663&#8243;]Ceci est la premi\u00e8re phase du processus : lisez attentivement les exigences li\u00e9es au poste sollicit\u00e9 et postuler si votre profil y correspond. Seuls les candidats retenus seront contact\u00e9s pour un entretien. Toutefois, vous pourriez \u00eatre contact\u00e9 si votre candidature est pr\u00e9s\u00e9lectionn\u00e9e ans le cadre d\u2019une autre opportunit\u00e9 de travail. Toujours est-il que, l\u2019organisation vous enverra un feedback, bien que cela puisse prendre un certain temps, vu le nombre \u00e9lev\u00e9 de demande.[\/vc_column_text][\/vc_tab][vc_tab gutter_size=&#8221;2&#8243; column_padding=&#8221;2&#8243; title=&#8221;L\u2019entretien&#8221; tab_id=&#8221;1674660271-2-901689774141319&#8243;][vc_column_text uncode_shortcode_id=&#8221;170751&#8243;] <span style=\"font-weight: 400;\">Le premier entretien vise \u00e0 \u00e9valuer, l\u2019\u00e9ventail de comp\u00e9tences requis, avec une attention particuli\u00e8re sur les aptitudes personnelles et les comp\u00e9tences techniques recherch\u00e9es pour chaque poste sp\u00e9cifique.<\/span><\/p>\n<p><span style=\"font-weight: 400;\">L\u2019entretien avec les RH se d\u00e9roule en ligne, en mode vid\u00e9o. Assurez-vous d\u2019\u00eatre dans un lieu suffisamment calme et couvert. <\/span>[\/vc_column_text][\/vc_tab][vc_tab gutter_size=&#8221;2&#8243; column_padding=&#8221;2&#8243; title=&#8221;<span>Entretien d\u2019appariement<\/span>&#8221; tab_id=&#8221;1674661055637-3-51689774141319&#8243;][vc_column_text uncode_shortcode_id=&#8221;934013&#8243;]Le second entretien s\u2019effectue au cas d\u2019une issue positive du pr\u00e9c\u00e9dent, avec les RH et le tuteur pr\u00e9vu pour le poste sollicit\u00e9. Durant cette phase, seront \u00e9valu\u00e9es, les comp\u00e9tences techniques requises pour la fonction \u00e0 travers un entretien ou alors un test technique, g\u00e9n\u00e9ralement envoy\u00e9 dans un format doc\/docs ou avec Google forme : assurez donc d\u2019avoir \u00e0 disposition le paquet Google office. Ce sera \u00e9galement l\u2019occasion de vous partager toutes les informations sp\u00e9cifiques li\u00e9es \u00e0 votre r\u00f4le, \u00e0 l\u2019\u00e9quipe, \u00e0 la structure du d\u00e9partement de r\u00e9f\u00e9rence et bien entendu toutes les activit\u00e9s y aff\u00e9rant. L\u2019entretien se d\u00e9roule en ligne.[\/vc_column_text][\/vc_tab][vc_tab gutter_size=&#8221;2&#8243; column_padding=&#8221;2&#8243; title=&#8221;Embarquement&#8221; tab_id=&#8221;1674661076714-5-01689774141319&#8243;][vc_column_text uncode_shortcode_id=&#8221;417676&#8243;]Une fois que le candidat a \u00e9t\u00e9 s\u00e9lectionn\u00e9 apr\u00e8s une issue positive au second entretien une proposition formelle de stage lui est envoy\u00e9 ainsi que le paquet complet des conditions \u00e0 remplir. Pour les stages pr\u00e9voyant un d\u00e9part en mission, seront effectu\u00e9s des contr\u00f4les m\u00e9dicaux et de vaccinations, ensuite, viendront la recherche du visa et du billet d\u2019avion pour le lieu indiqu\u00e9. Sont requis un passport et certains documents personnels pour compl\u00e9ter le processus d\u2019embarquement.<\/p>\n<p>Bienvenu \u00e0 INTERSOS![\/vc_column_text][\/vc_tab][\/vc_tabs][\/vc_column][\/vc_row][vc_row][vc_column width=&#8221;1\/1&#8243;][vc_column_text uncode_shortcode_id=&#8221;233747&#8243;]<\/p>\n<h2><b>Conditions de travail et benefices<\/b><\/h2>\n<p><b>Induction<\/b><br \/>\n<span style=\"font-weight: 400;\">Chaque stagiaire re\u00e7oit une formation pr\u00e9paratoire ad\u00e9quate fournissant les informations n\u00e9cessaires relatives \u00e0 la structure d\u2019INTERSOS, aux principaux processus de prise de d\u00e9cision et d\u2019outils de travail afin de faciliter l\u2019entr\u00e9e dans l\u2019organisation.<\/span><br \/>\n<b>Salaire:<\/b><span style=\"font-weight: 400;\"> Il n\u2019est pas pr\u00e9vu un salaire.<\/span><\/p>\n<p><b>B\u00e9n\u00e9fices:<\/b><span style=\"font-weight: 400;\"> Pour la p\u00e9riode de stage effectu\u00e9e u sein du si\u00e8ge d\u2019INTERSOS \u00e0 Rome, des ch\u00e8ques repas sont fournis. Les titres restaurant ne sont pas accord\u00e9s pour la p\u00e9riode de stage effectu\u00e9e en mode continu en ligne (mode pr\u00e9cis\u00e9 dans l\u2019offre) et pour la p\u00e9riode de stage effectu\u00e9 dans une mission INTERSOS \u00e9trang\u00e8re. <\/span><\/p>\n<p><b>Transport<\/b><br \/>\n<span style=\"font-weight: 400;\">: Dans le cas des stages impliquant un d\u00e9part pour une des missions \u00e9trang\u00e8res d\u2019INTERSOS, les vols retour en d\u00e9but et en fin de mission sont pris en charge par l\u2019organisation.<\/span><\/p>\n<p><b>Assurance<\/b><span style=\"font-weight: 400;\">: Si non pr\u00e9vue par l\u2019universit\u00e9s ou le master du stagiaire, INTERSOS active une couverture d\u2019assurance contre les risques d\u2019accident et de responsabilit\u00e9 civile envers les tiers pour les stages sur site et en mission en Italie. Dans le cas de stages impliquant un d\u00e9part pour une des missions \u00e9trang\u00e8res d\u2019INTERSOS, une assurance m\u00e9dicale, le remboursement des vaccins obligatoires selon la politique d\u2019INTERSOS et un soutien psychologique sont assur\u00e9s sur demande. <\/span><\/p>\n<p><b>Visas<\/b><br \/>\n<span style=\"font-weight: 400;\">: Dans le cas de stage qui implique un d\u00e9part pour une des missions \u00e9trang\u00e8res d\u2019INTERSOS, l\u2019organisation prend en charge le cout et la prise en charge du visa.<\/span><br \/>\n<b>H\u00e9bergement<\/b><br \/>\n<span style=\"font-weight: 400;\">: Dans le cas de stages impliquant un d\u00e9part pour une des missions d\u2019INTERSOS, un h\u00e9bergement partag\u00e9 en maison d\u2019h\u00f4te est pr\u00e9vu.<\/span><br \/>\n<b>Cong\u00e9s:<\/b><span style=\"font-weight: 400;\"> Pour chaque type de stage, 2 jours de cong\u00e9s mensuels sont autoris\u00e9s.<\/span>[\/vc_column_text][\/vc_column][\/vc_row][vc_row][vc_column width=&#8221;1\/1&#8243;][vc_column_text uncode_shortcode_id=&#8221;478381&#8243;]<\/p>\n<h2>Postes vacants<\/h2>\n<p>[\/vc_column_text][vc_raw_html]PHNjcmlwdCB0eXBlPSJ0ZXh0L2phdmFzY3JpcHQiPmFwcF9pZD0iNTcxYmViMGU5ZmZjODBjMTVjNzg2OGExIjtkaXN0cmlidXRpb25fa2V5PSJkaXN0XzEwIjs8L3NjcmlwdD48c2NyaXB0IHR5cGU9InRleHQvamF2YXNjcmlwdCIgc3JjPSJodHRwczovL2xvYWRlci5rbmFjay5jb20vNTcxYmViMGU5ZmZjODBjMTVjNzg2OGExL2Rpc3RfMTAva25hY2suanMiPjwvc2NyaXB0PjxkaXYgaWQ9ImtuYWNrLWRpc3RfMTAiPkNoYXJnZW1lbnQuLi48L2Rpdj4=[\/vc_raw_html][\/vc_column][\/vc_row][vc_row][vc_column width=&#8221;1\/1&#8243;][vc_empty_space empty_h=&#8221;2&#8243;][\/vc_column][\/vc_row]<\/p>\n<\/div>","protected":false},"excerpt":{"rendered":"<p>[vc_row][vc_column width=&#8221;1\/1&#8243;][vc_column_text uncode_shortcode_id=&#8221;901843&#8243;] Stage Les stages scolaires sont des exp\u00e9riences de formation pour les jeunes ressources qui veulent mettre en [&hellip;]<\/p>\n","protected":false},"author":1,"featured_media":0,"parent":0,"menu_order":0,"comment_status":"closed","ping_status":"closed","template":"","meta":{"_acf_changed":false,"give_campaign_id":0,"footnotes":""},"class_list":["post-108358","page","type-page","status-publish","hentry","page_category-pagine-risorse-umane"],"acf":[],"yoast_head":"<!-- This site is optimized with the Yoast SEO plugin v27.2 - https:\/\/yoast.com\/product\/yoast-seo-wordpress\/ -->\n<title>Travailler avec nous - Stage | INTERSOS<\/title>\n<meta name=\"robots\" content=\"noindex, follow, max-snippet:-1, max-image-preview:large, max-video-preview:-1\" \/>\n<meta property=\"og:locale\" content=\"fr_FR\" \/>\n<meta property=\"og:type\" content=\"article\" \/>\n<meta property=\"og:title\" content=\"Travailler avec nous - Stage | INTERSOS\" \/>\n<meta property=\"og:description\" content=\"[vc_row][vc_column width=&#8221;1\/1&#8243;][vc_column_text uncode_shortcode_id=&#8221;901843&#8243;] Stage Les stages scolaires sont des exp\u00e9riences de formation pour les jeunes ressources qui veulent mettre en [&hellip;]\" \/>\n<meta property=\"og:url\" content=\"https:\/\/peaceful-shtern.46-37-26-27.plesk.page\/fr\/travailler-avec-nous-stage\/\" \/>\n<meta property=\"og:site_name\" content=\"Dev Int\" \/>\n<meta property=\"article:publisher\" content=\"https:\/\/www.facebook.com\/Intersos.org\/\" \/>\n<meta property=\"article:modified_time\" content=\"2024-11-04T10:45:46+00:00\" \/>\n<meta name=\"twitter:card\" content=\"summary_large_image\" \/>\n<meta name=\"twitter:site\" content=\"@intersos\" \/>\n<meta name=\"twitter:label1\" content=\"Dur\u00e9e de lecture estim\u00e9e\" \/>\n\t<meta name=\"twitter:data1\" content=\"7 minutes\" \/>\n<script type=\"application\/ld+json\" class=\"yoast-schema-graph\">{\"@context\":\"https:\/\/schema.org\",\"@graph\":[{\"@type\":\"WebPage\",\"@id\":\"https:\/\/peaceful-shtern.46-37-26-27.plesk.page\/fr\/travailler-avec-nous-stage\/\",\"url\":\"https:\/\/peaceful-shtern.46-37-26-27.plesk.page\/fr\/travailler-avec-nous-stage\/\",\"name\":\"Travailler avec nous - Stage | INTERSOS\",\"isPartOf\":{\"@id\":\"https:\/\/intersos.org\/en\/#website\"},\"datePublished\":\"2023-03-30T08:10:58+00:00\",\"dateModified\":\"2024-11-04T10:45:46+00:00\",\"breadcrumb\":{\"@id\":\"https:\/\/peaceful-shtern.46-37-26-27.plesk.page\/fr\/travailler-avec-nous-stage\/#breadcrumb\"},\"inLanguage\":\"fr-FR\",\"potentialAction\":[{\"@type\":\"ReadAction\",\"target\":[\"https:\/\/peaceful-shtern.46-37-26-27.plesk.page\/fr\/travailler-avec-nous-stage\/\"]}]},{\"@type\":\"BreadcrumbList\",\"@id\":\"https:\/\/peaceful-shtern.46-37-26-27.plesk.page\/fr\/travailler-avec-nous-stage\/#breadcrumb\",\"itemListElement\":[{\"@type\":\"ListItem\",\"position\":1,\"name\":\"Home\",\"item\":\"https:\/\/peaceful-shtern.46-37-26-27.plesk.page\/\"},{\"@type\":\"ListItem\",\"position\":2,\"name\":\"Travailler avec nous &#8211; Stage\"}]},{\"@type\":\"WebSite\",\"@id\":\"https:\/\/intersos.org\/en\/#website\",\"url\":\"https:\/\/intersos.org\/en\/\",\"name\":\"INTERSOS | Organizzazione umanitaria Onlus\",\"description\":\"INTERSOS\",\"alternateName\":\"INTERSOS\",\"potentialAction\":[{\"@type\":\"SearchAction\",\"target\":{\"@type\":\"EntryPoint\",\"urlTemplate\":\"https:\/\/intersos.org\/en\/?s={search_term_string}\"},\"query-input\":{\"@type\":\"PropertyValueSpecification\",\"valueRequired\":true,\"valueName\":\"search_term_string\"}}],\"inLanguage\":\"fr-FR\"}]}<\/script>\n<!-- \/ Yoast SEO plugin. -->","yoast_head_json":{"title":"Travailler avec nous - Stage | INTERSOS","robots":{"index":"noindex","follow":"follow","max-snippet":"max-snippet:-1","max-image-preview":"max-image-preview:large","max-video-preview":"max-video-preview:-1"},"og_locale":"fr_FR","og_type":"article","og_title":"Travailler avec nous - Stage | INTERSOS","og_description":"[vc_row][vc_column width=&#8221;1\/1&#8243;][vc_column_text uncode_shortcode_id=&#8221;901843&#8243;] Stage Les stages scolaires sont des exp\u00e9riences de formation pour les jeunes ressources qui veulent mettre en [&hellip;]","og_url":"https:\/\/peaceful-shtern.46-37-26-27.plesk.page\/fr\/travailler-avec-nous-stage\/","og_site_name":"Dev Int","article_publisher":"https:\/\/www.facebook.com\/Intersos.org\/","article_modified_time":"2024-11-04T10:45:46+00:00","twitter_card":"summary_large_image","twitter_site":"@intersos","twitter_misc":{"Dur\u00e9e de lecture estim\u00e9e":"7 minutes"},"schema":{"@context":"https:\/\/schema.org","@graph":[{"@type":"WebPage","@id":"https:\/\/peaceful-shtern.46-37-26-27.plesk.page\/fr\/travailler-avec-nous-stage\/","url":"https:\/\/peaceful-shtern.46-37-26-27.plesk.page\/fr\/travailler-avec-nous-stage\/","name":"Travailler avec nous - Stage | INTERSOS","isPartOf":{"@id":"https:\/\/intersos.org\/en\/#website"},"datePublished":"2023-03-30T08:10:58+00:00","dateModified":"2024-11-04T10:45:46+00:00","breadcrumb":{"@id":"https:\/\/peaceful-shtern.46-37-26-27.plesk.page\/fr\/travailler-avec-nous-stage\/#breadcrumb"},"inLanguage":"fr-FR","potentialAction":[{"@type":"ReadAction","target":["https:\/\/peaceful-shtern.46-37-26-27.plesk.page\/fr\/travailler-avec-nous-stage\/"]}]},{"@type":"BreadcrumbList","@id":"https:\/\/peaceful-shtern.46-37-26-27.plesk.page\/fr\/travailler-avec-nous-stage\/#breadcrumb","itemListElement":[{"@type":"ListItem","position":1,"name":"Home","item":"https:\/\/peaceful-shtern.46-37-26-27.plesk.page\/"},{"@type":"ListItem","position":2,"name":"Travailler avec nous &#8211; Stage"}]},{"@type":"WebSite","@id":"https:\/\/intersos.org\/en\/#website","url":"https:\/\/intersos.org\/en\/","name":"INTERSOS | Organizzazione umanitaria Onlus","description":"INTERSOS","alternateName":"INTERSOS","potentialAction":[{"@type":"SearchAction","target":{"@type":"EntryPoint","urlTemplate":"https:\/\/intersos.org\/en\/?s={search_term_string}"},"query-input":{"@type":"PropertyValueSpecification","valueRequired":true,"valueName":"search_term_string"}}],"inLanguage":"fr-FR"}]}},"campaignId":"","_links":{"self":[{"href":"https:\/\/peaceful-shtern.46-37-26-27.plesk.page\/fr\/wp-json\/wp\/v2\/pages\/108358","targetHints":{"allow":["GET"]}}],"collection":[{"href":"https:\/\/peaceful-shtern.46-37-26-27.plesk.page\/fr\/wp-json\/wp\/v2\/pages"}],"about":[{"href":"https:\/\/peaceful-shtern.46-37-26-27.plesk.page\/fr\/wp-json\/wp\/v2\/types\/page"}],"author":[{"embeddable":true,"href":"https:\/\/peaceful-shtern.46-37-26-27.plesk.page\/fr\/wp-json\/wp\/v2\/users\/1"}],"replies":[{"embeddable":true,"href":"https:\/\/peaceful-shtern.46-37-26-27.plesk.page\/fr\/wp-json\/wp\/v2\/comments?post=108358"}],"version-history":[{"count":4,"href":"https:\/\/peaceful-shtern.46-37-26-27.plesk.page\/fr\/wp-json\/wp\/v2\/pages\/108358\/revisions"}],"predecessor-version":[{"id":108373,"href":"https:\/\/peaceful-shtern.46-37-26-27.plesk.page\/fr\/wp-json\/wp\/v2\/pages\/108358\/revisions\/108373"}],"wp:attachment":[{"href":"https:\/\/peaceful-shtern.46-37-26-27.plesk.page\/fr\/wp-json\/wp\/v2\/media?parent=108358"}],"curies":[{"name":"wp","href":"https:\/\/api.w.org\/{rel}","templated":true}]}}