{"id":108562,"date":"2023-05-05T15:55:28","date_gmt":"2023-05-05T13:55:28","guid":{"rendered":"https:\/\/peaceful-shtern.46-37-26-27.plesk.page\/fournisseurs\/concours\/"},"modified":"2024-11-08T16:34:43","modified_gmt":"2024-11-08T15:34:43","slug":"concours","status":"publish","type":"page","link":"https:\/\/peaceful-shtern.46-37-26-27.plesk.page\/fr\/fournisseurs\/concours\/","title":{"rendered":"Concours"},"content":{"rendered":"<div class=\"wpb-content-wrapper\"><p>[vc_row][vc_column width=&#8221;1\/1&#8243;][vc_empty_space empty_h=&#8221;2&#8243;][\/vc_column][\/vc_row][vc_row row_height_percent=&#8221;40&#8243; override_padding=&#8221;yes&#8221; h_padding=&#8221;2&#8243; top_padding=&#8221;4&#8243; bottom_padding=&#8221;4&#8243; back_image=&#8221;92472&#8243; overlay_alpha=&#8221;50&#8243; gutter_size=&#8221;3&#8243; column_width_percent=&#8221;100&#8243; shift_y=&#8221;0&#8243; z_index=&#8221;0&#8243; uncode_shortcode_id=&#8221;994509&#8243; el_class=&#8221;slideDoaMultipla&#8221;][vc_column column_width_percent=&#8221;100&#8243; position_vertical=&#8221;bottom&#8221; gutter_size=&#8221;3&#8243; overlay_alpha=&#8221;50&#8243; shift_x=&#8221;0&#8243; shift_y=&#8221;0&#8243; shift_y_down=&#8221;0&#8243; z_index=&#8221;0&#8243; medium_width=&#8221;0&#8243; mobile_width=&#8221;0&#8243; width=&#8221;1\/1&#8243; uncode_shortcode_id=&#8221;193839&#8243;][vc_custom_heading text_color=&#8221;color-xsdn&#8221; uncode_shortcode_id=&#8221;650186&#8243; text_color_type=&#8221;uncode-palette&#8221;]Concours internationaux et locaux ouverts[\/vc_custom_heading][\/vc_column][\/vc_row][vc_row row_height_percent=&#8221;0&#8243; overlay_alpha=&#8221;50&#8243; gutter_size=&#8221;3&#8243; column_width_percent=&#8221;100&#8243; shift_y=&#8221;0&#8243; z_index=&#8221;0&#8243; uncode_shortcode_id=&#8221;133018&#8243; css=&#8221;.vc_custom_1683120087774{margin-top: 30px !important;}&#8221;][vc_column column_width_percent=&#8221;100&#8243; gutter_size=&#8221;3&#8243; overlay_alpha=&#8221;50&#8243; shift_x=&#8221;0&#8243; shift_y=&#8221;0&#8243; shift_y_down=&#8221;0&#8243; z_index=&#8221;0&#8243; medium_width=&#8221;0&#8243; mobile_width=&#8221;0&#8243; width=&#8221;1\/1&#8243; uncode_shortcode_id=&#8221;837365&#8243; css=&#8221;.vc_custom_1683120069661{padding-right: 60px !important;}&#8221;][vc_column_text uncode_shortcode_id=&#8221;627736&#8243;]<span style=\"font-weight: 400;\">INTERSOS invite les entreprises \u00e0 r\u00e9pondre \u00e0 nos appels d&#8217;offres internationaux et locaux. Les informations sur les appels d&#8217;offres sont disponibles en s\u00e9lectionnant l&#8217;option \u00ab download tender dossier\u00bb ci-dessous, et la soumission doit \u00eatre effectu\u00e9e en suivant les instructions de la documentation. <\/span>[\/vc_column_text][vc_raw_html]PHNjcmlwdCB0eXBlPSJ0ZXh0L2phdmFzY3JpcHQiPmFwcF9pZD0iNTcxYmViMGU5ZmZjODBjMTVjNzg2OGExIjtkaXN0cmlidXRpb25fa2V5PSJkaXN0XzUiOzwvc2NyaXB0PjxzY3JpcHQgdHlwZT0idGV4dC9qYXZhc2NyaXB0IiBzcmM9Imh0dHBzOi8vbG9hZGVyLmtuYWNrLmNvbS81NzFiZWIwZTlmZmM4MGMxNWM3ODY4YTEvZGlzdF81L2tuYWNrLmpzIj48L3NjcmlwdD48ZGl2IGlkPSJrbmFjay1kaXN0XzUiPkNoYXJnZW1lbnQuLi48L2Rpdj4=[\/vc_raw_html][\/vc_column][\/vc_row]<\/p>\n<\/div>","protected":false},"excerpt":{"rendered":"<p>[vc_row][vc_column width=&#8221;1\/1&#8243;][vc_empty_space empty_h=&#8221;2&#8243;][\/vc_column][\/vc_row][vc_row row_height_percent=&#8221;40&#8243; override_padding=&#8221;yes&#8221; h_padding=&#8221;2&#8243; top_padding=&#8221;4&#8243; bottom_padding=&#8221;4&#8243; back_image=&#8221;92472&#8243; overlay_alpha=&#8221;50&#8243; gutter_size=&#8221;3&#8243; column_width_percent=&#8221;100&#8243; shift_y=&#8221;0&#8243; z_index=&#8221;0&#8243; uncode_shortcode_id=&#8221;994509&#8243; el_class=&#8221;slideDoaMultipla&#8221;][vc_column column_width_percent=&#8221;100&#8243; position_vertical=&#8221;bottom&#8221; gutter_size=&#8221;3&#8243; overlay_alpha=&#8221;50&#8243; [&hellip;]<\/p>\n","protected":false},"author":1,"featured_media":0,"parent":108009,"menu_order":0,"comment_status":"closed","ping_status":"closed","template":"","meta":{"_acf_changed":false,"give_campaign_id":0,"footnotes":""},"class_list":["post-108562","page","type-page","status-publish","hentry","page_category-pagine-risorse-umane"],"acf":[],"yoast_head":"<!-- This site is optimized with the Yoast SEO plugin v27.2 - https:\/\/yoast.com\/product\/yoast-seo-wordpress\/ -->\n<title>Concours | INTERSOS<\/title>\n<meta name=\"robots\" content=\"noindex, follow, max-snippet:-1, max-image-preview:large, max-video-preview:-1\" \/>\n<meta property=\"og:locale\" content=\"fr_FR\" \/>\n<meta property=\"og:type\" content=\"article\" \/>\n<meta property=\"og:title\" content=\"Concours | INTERSOS\" \/>\n<meta property=\"og:description\" content=\"[vc_row][vc_column width=&#8221;1\/1&#8243;][vc_empty_space empty_h=&#8221;2&#8243;][\/vc_column][\/vc_row][vc_row row_height_percent=&#8221;40&#8243; override_padding=&#8221;yes&#8221; h_padding=&#8221;2&#8243; top_padding=&#8221;4&#8243; bottom_padding=&#8221;4&#8243; back_image=&#8221;92472&#8243; overlay_alpha=&#8221;50&#8243; gutter_size=&#8221;3&#8243; column_width_percent=&#8221;100&#8243; shift_y=&#8221;0&#8243; z_index=&#8221;0&#8243; uncode_shortcode_id=&#8221;994509&#8243; el_class=&#8221;slideDoaMultipla&#8221;][vc_column column_width_percent=&#8221;100&#8243; position_vertical=&#8221;bottom&#8221; gutter_size=&#8221;3&#8243; overlay_alpha=&#8221;50&#8243; [&hellip;]\" \/>\n<meta property=\"og:url\" content=\"https:\/\/peaceful-shtern.46-37-26-27.plesk.page\/fr\/fournisseurs\/concours\/\" \/>\n<meta property=\"og:site_name\" content=\"Dev Int\" \/>\n<meta property=\"article:publisher\" content=\"https:\/\/www.facebook.com\/Intersos.org\/\" \/>\n<meta property=\"article:modified_time\" content=\"2024-11-08T15:34:43+00:00\" \/>\n<meta name=\"twitter:card\" content=\"summary_large_image\" \/>\n<meta name=\"twitter:site\" content=\"@intersos\" \/>\n<meta name=\"twitter:label1\" content=\"Dur\u00e9e de lecture estim\u00e9e\" \/>\n\t<meta name=\"twitter:data1\" content=\"1 minute\" \/>\n<script type=\"application\/ld+json\" class=\"yoast-schema-graph\">{\"@context\":\"https:\/\/schema.org\",\"@graph\":[{\"@type\":\"WebPage\",\"@id\":\"https:\/\/peaceful-shtern.46-37-26-27.plesk.page\/fr\/fournisseurs\/concours\/\",\"url\":\"https:\/\/peaceful-shtern.46-37-26-27.plesk.page\/fr\/fournisseurs\/concours\/\",\"name\":\"Concours | INTERSOS\",\"isPartOf\":{\"@id\":\"https:\/\/intersos.org\/en\/#website\"},\"datePublished\":\"2023-05-05T13:55:28+00:00\",\"dateModified\":\"2024-11-08T15:34:43+00:00\",\"breadcrumb\":{\"@id\":\"https:\/\/peaceful-shtern.46-37-26-27.plesk.page\/fr\/fournisseurs\/concours\/#breadcrumb\"},\"inLanguage\":\"fr-FR\",\"potentialAction\":[{\"@type\":\"ReadAction\",\"target\":[\"https:\/\/peaceful-shtern.46-37-26-27.plesk.page\/fr\/fournisseurs\/concours\/\"]}]},{\"@type\":\"BreadcrumbList\",\"@id\":\"https:\/\/peaceful-shtern.46-37-26-27.plesk.page\/fr\/fournisseurs\/concours\/#breadcrumb\",\"itemListElement\":[{\"@type\":\"ListItem\",\"position\":1,\"name\":\"Home\",\"item\":\"https:\/\/peaceful-shtern.46-37-26-27.plesk.page\/\"},{\"@type\":\"ListItem\",\"position\":2,\"name\":\"Fournisseurs\",\"item\":\"https:\/\/peaceful-shtern.46-37-26-27.plesk.page\/fr\/fournisseurs\/\"},{\"@type\":\"ListItem\",\"position\":3,\"name\":\"Concours\"}]},{\"@type\":\"WebSite\",\"@id\":\"https:\/\/intersos.org\/en\/#website\",\"url\":\"https:\/\/intersos.org\/en\/\",\"name\":\"INTERSOS | Organizzazione umanitaria Onlus\",\"description\":\"INTERSOS\",\"alternateName\":\"INTERSOS\",\"potentialAction\":[{\"@type\":\"SearchAction\",\"target\":{\"@type\":\"EntryPoint\",\"urlTemplate\":\"https:\/\/intersos.org\/en\/?s={search_term_string}\"},\"query-input\":{\"@type\":\"PropertyValueSpecification\",\"valueRequired\":true,\"valueName\":\"search_term_string\"}}],\"inLanguage\":\"fr-FR\"}]}<\/script>\n<!-- \/ Yoast SEO plugin. -->","yoast_head_json":{"title":"Concours | INTERSOS","robots":{"index":"noindex","follow":"follow","max-snippet":"max-snippet:-1","max-image-preview":"max-image-preview:large","max-video-preview":"max-video-preview:-1"},"og_locale":"fr_FR","og_type":"article","og_title":"Concours | INTERSOS","og_description":"[vc_row][vc_column width=&#8221;1\/1&#8243;][vc_empty_space empty_h=&#8221;2&#8243;][\/vc_column][\/vc_row][vc_row row_height_percent=&#8221;40&#8243; override_padding=&#8221;yes&#8221; h_padding=&#8221;2&#8243; top_padding=&#8221;4&#8243; bottom_padding=&#8221;4&#8243; back_image=&#8221;92472&#8243; overlay_alpha=&#8221;50&#8243; gutter_size=&#8221;3&#8243; column_width_percent=&#8221;100&#8243; shift_y=&#8221;0&#8243; z_index=&#8221;0&#8243; uncode_shortcode_id=&#8221;994509&#8243; el_class=&#8221;slideDoaMultipla&#8221;][vc_column column_width_percent=&#8221;100&#8243; position_vertical=&#8221;bottom&#8221; gutter_size=&#8221;3&#8243; overlay_alpha=&#8221;50&#8243; [&hellip;]","og_url":"https:\/\/peaceful-shtern.46-37-26-27.plesk.page\/fr\/fournisseurs\/concours\/","og_site_name":"Dev Int","article_publisher":"https:\/\/www.facebook.com\/Intersos.org\/","article_modified_time":"2024-11-08T15:34:43+00:00","twitter_card":"summary_large_image","twitter_site":"@intersos","twitter_misc":{"Dur\u00e9e de lecture estim\u00e9e":"1 minute"},"schema":{"@context":"https:\/\/schema.org","@graph":[{"@type":"WebPage","@id":"https:\/\/peaceful-shtern.46-37-26-27.plesk.page\/fr\/fournisseurs\/concours\/","url":"https:\/\/peaceful-shtern.46-37-26-27.plesk.page\/fr\/fournisseurs\/concours\/","name":"Concours | INTERSOS","isPartOf":{"@id":"https:\/\/intersos.org\/en\/#website"},"datePublished":"2023-05-05T13:55:28+00:00","dateModified":"2024-11-08T15:34:43+00:00","breadcrumb":{"@id":"https:\/\/peaceful-shtern.46-37-26-27.plesk.page\/fr\/fournisseurs\/concours\/#breadcrumb"},"inLanguage":"fr-FR","potentialAction":[{"@type":"ReadAction","target":["https:\/\/peaceful-shtern.46-37-26-27.plesk.page\/fr\/fournisseurs\/concours\/"]}]},{"@type":"BreadcrumbList","@id":"https:\/\/peaceful-shtern.46-37-26-27.plesk.page\/fr\/fournisseurs\/concours\/#breadcrumb","itemListElement":[{"@type":"ListItem","position":1,"name":"Home","item":"https:\/\/peaceful-shtern.46-37-26-27.plesk.page\/"},{"@type":"ListItem","position":2,"name":"Fournisseurs","item":"https:\/\/peaceful-shtern.46-37-26-27.plesk.page\/fr\/fournisseurs\/"},{"@type":"ListItem","position":3,"name":"Concours"}]},{"@type":"WebSite","@id":"https:\/\/intersos.org\/en\/#website","url":"https:\/\/intersos.org\/en\/","name":"INTERSOS | Organizzazione umanitaria Onlus","description":"INTERSOS","alternateName":"INTERSOS","potentialAction":[{"@type":"SearchAction","target":{"@type":"EntryPoint","urlTemplate":"https:\/\/intersos.org\/en\/?s={search_term_string}"},"query-input":{"@type":"PropertyValueSpecification","valueRequired":true,"valueName":"search_term_string"}}],"inLanguage":"fr-FR"}]}},"campaignId":"","_links":{"self":[{"href":"https:\/\/peaceful-shtern.46-37-26-27.plesk.page\/fr\/wp-json\/wp\/v2\/pages\/108562","targetHints":{"allow":["GET"]}}],"collection":[{"href":"https:\/\/peaceful-shtern.46-37-26-27.plesk.page\/fr\/wp-json\/wp\/v2\/pages"}],"about":[{"href":"https:\/\/peaceful-shtern.46-37-26-27.plesk.page\/fr\/wp-json\/wp\/v2\/types\/page"}],"author":[{"embeddable":true,"href":"https:\/\/peaceful-shtern.46-37-26-27.plesk.page\/fr\/wp-json\/wp\/v2\/users\/1"}],"replies":[{"embeddable":true,"href":"https:\/\/peaceful-shtern.46-37-26-27.plesk.page\/fr\/wp-json\/wp\/v2\/comments?post=108562"}],"version-history":[{"count":3,"href":"https:\/\/peaceful-shtern.46-37-26-27.plesk.page\/fr\/wp-json\/wp\/v2\/pages\/108562\/revisions"}],"predecessor-version":[{"id":108565,"href":"https:\/\/peaceful-shtern.46-37-26-27.plesk.page\/fr\/wp-json\/wp\/v2\/pages\/108562\/revisions\/108565"}],"up":[{"embeddable":true,"href":"https:\/\/peaceful-shtern.46-37-26-27.plesk.page\/fr\/wp-json\/wp\/v2\/pages\/108009"}],"wp:attachment":[{"href":"https:\/\/peaceful-shtern.46-37-26-27.plesk.page\/fr\/wp-json\/wp\/v2\/media?parent=108562"}],"curies":[{"name":"wp","href":"https:\/\/api.w.org\/{rel}","templated":true}]}}